{"id":10491,"date":"2023-11-24T15:39:40","date_gmt":"2023-11-24T14:39:40","guid":{"rendered":"https:\/\/bellotafilms.fr\/?page_id=10491"},"modified":"2025-11-24T16:27:38","modified_gmt":"2025-11-24T15:27:38","slug":"10491-2","status":"publish","type":"page","link":"https:\/\/bellotafilms.fr\/en\/10491-2\/","title":{"rendered":"Our projects"},"content":{"rendered":"<div class=\"wpb-content-wrapper\"><section class=\"vc_row wpb_row vc_row-fluid\"><div class=\"wpb_column vc_column_container vc_col-sm-12\"><div class=\"vc_column-inner\"><div class=\"wpb_wrapper\">\n\t<div class=\"wpb_text_column wpb_content_element\" >\n\t\t<div class=\"wpb_wrapper\">\n\t\t\t\n\t\t<\/div>\n\t<\/div>\n<\/div><\/div><\/div><\/section>\r\n    <div class=\"fl-title wow fadeInDown\" data-wow-delay=\"0.3s\">\r\n                        <div class=\"fl-title-big bottom-title-big\" style=\"color:\">IN PRODUCTION<\/div>\r\n            <\/div><section data-vc-full-width=\"true\" data-vc-full-width-init=\"false\" data-vc-stretch-content=\"true\" class=\"vc_row wpb_row vc_row-fluid\"><\/section><div class=\"vc_row-full-width\"><\/div><div class=\"wpb_column vc_column_container vc_col-sm-12\"><div class=\"vc_column-inner\"><div class=\"wpb_wrapper\"><\/div><\/div><\/div><style id=\"custom_css_filmmaker_clearfix_39929\">#filmmaker_clearfix_39929.clearfix { height:1rem;}@media (min-width: 576px){#filmmaker_clearfix_39929.clearfix { height:;}}@media (min-width: 768px){#filmmaker_clearfix_39929.clearfix { height:;}}@media (min-width: 992px){#filmmaker_clearfix_39929.clearfix { height:;}}@media (min-width: 1200px){#filmmaker_clearfix_39929.clearfix { height:;}}@media (min-width: 1640px){#filmmaker_clearfix_39929.clearfix { height:;}}<\/style><div id=\"filmmaker_clearfix_39929\" class=\"clearfix\"><\/div>\n<style id=\"custom_css_filmmaker_clearfix_15740\">#filmmaker_clearfix_15740.clearfix { height:1rem;}@media (min-width: 576px){#filmmaker_clearfix_15740.clearfix { height:;}}@media (min-width: 768px){#filmmaker_clearfix_15740.clearfix { height:;}}@media (min-width: 992px){#filmmaker_clearfix_15740.clearfix { height:1500;}}@media (min-width: 1200px){#filmmaker_clearfix_15740.clearfix { height:1500;}}@media (min-width: 1640px){#filmmaker_clearfix_15740.clearfix { height:;}}<\/style><div id=\"filmmaker_clearfix_15740\" class=\"clearfix\"><\/div>\n<style>\r\n    .p-viewmore .more{\r\n        border: 1px solid  ;\r\n    }\r\n    .p-viewmore .more:hover{\r\n        background: ;\r\n    }\r\n    .p-viewmore .more:hover a, .p-viewmore .more:hover .fa{\r\n        color:  !important;\r\n    }\r\n    .fl-viewmore .more-white{\r\n        border: 1px solid  ;\r\n    }\r\n    .fl-viewmore:hover .more-white{\r\n        background:     }\r\n    .film-item .title-white:hover a, .film-item .title-bold-white:hover a, .p-category:hover a, .p-name:hover a{\r\n        color:  !important;\r\n    }\r\n<\/style>\r\n  <section class=\"product-item\">\r\n    <div class=\"container-fluid\">\r\n        <div class=\"fl-title fl-bottom\">\r\n\r\n                          \r\n                                 <\/div>\r\n                                        <ul class=\"list-film2 wow fadeInUp\" data-wow-delay=\"0.3s\">\r\n                <li class=\"fl-mg\">\r\n            <div class=\"film-item cus-item-1\">\r\n                <img loading=\"lazy\" decoding=\"async\" width=\"960\" height=\"540\" src=\"https:\/\/bellotafilms.fr\/wp-content\/uploads\/2022\/10\/SORCIERES-00_46_58_01-1-960x540.png\" class=\"attachment-filmmaker_BE size-filmmaker_BE wp-post-image\" alt=\"\" srcset=\"https:\/\/bellotafilms.fr\/wp-content\/uploads\/2022\/10\/SORCIERES-00_46_58_01-1-960x540.png 960w, https:\/\/bellotafilms.fr\/wp-content\/uploads\/2022\/10\/SORCIERES-00_46_58_01-1-18x10.png 18w, https:\/\/bellotafilms.fr\/wp-content\/uploads\/2022\/10\/SORCIERES-00_46_58_01-1-320x180.png 320w, https:\/\/bellotafilms.fr\/wp-content\/uploads\/2022\/10\/SORCIERES-00_46_58_01-1-1440x810.png 1440w\" sizes=\"(max-width: 960px) 100vw, 960px\" \/>                <div class=\"center centertxt\">\r\n                    <div class=\"title-white\"><a href=\"https:\/\/bellotafilms.fr\/en\/film_category\/documentaire\/\" title=\"DOCUMENTARY\" style=\"color:\">DOCUMENTARY<\/a><\/div>\r\n                    <div class=\"title-bold-white\">\r\n                        <a href=\"https:\/\/bellotafilms.fr\/en\/film-detail\/sorcieres-chronique-d-un-massacre\/\" style=\"color:\"> THE DEADLIEST WITCH HUNT<\/a><\/div>\r\n                    <div class=\"white-desc\" style=\"color:\">\r\n                        En l\u2019an 1609, au Pays-Basque, un conflit local tourne aux accusations de sorcellerie. Henri IV, roi de France, d\u00e9cide de...                    <\/div>\r\n                    <div class=\"fl-viewmore\">\r\n                        <a href=\"https:\/\/bellotafilms.fr\/en\/film-detail\/sorcieres-chronique-d-un-massacre\/\" title=\"View more\" >\r\n                            <span class=\"more-white\" style=\"color:\">\r\n                                View more                                <i class=\"fa fa-long-arrow-right\" style=\"color:\"><\/i>\r\n                            <\/span>\r\n                        <\/a>\r\n                    <\/div>\r\n                <\/div>\r\n            <\/div>\r\n        <\/li>\r\n                <li class=\"fl-mg\">\r\n            <div class=\"film-item cus-item-1\">\r\n                <img loading=\"lazy\" decoding=\"async\" width=\"960\" height=\"540\" src=\"https:\/\/bellotafilms.fr\/wp-content\/uploads\/2023\/10\/GEN-affiche-pour-projection20250320-960x540.png\" class=\"attachment-filmmaker_BE size-filmmaker_BE wp-post-image\" alt=\"\" srcset=\"https:\/\/bellotafilms.fr\/wp-content\/uploads\/2023\/10\/GEN-affiche-pour-projection20250320-960x540.png 960w, https:\/\/bellotafilms.fr\/wp-content\/uploads\/2023\/10\/GEN-affiche-pour-projection20250320-18x10.png 18w, https:\/\/bellotafilms.fr\/wp-content\/uploads\/2023\/10\/GEN-affiche-pour-projection20250320-320x180.png 320w, https:\/\/bellotafilms.fr\/wp-content\/uploads\/2023\/10\/GEN-affiche-pour-projection20250320-1440x810.png 1440w\" sizes=\"(max-width: 960px) 100vw, 960px\" \/>                <div class=\"center centertxt\">\r\n                    <div class=\"title-white\"><a href=\"https:\/\/bellotafilms.fr\/en\/film_category\/documentaire\/\" title=\"DOCUMENTARY\" style=\"color:\">DOCUMENTARY<\/a><\/div>\r\n                    <div class=\"title-bold-white\">\r\n                        <a href=\"https:\/\/bellotafilms.fr\/en\/film-detail\/gen\/\" style=\"color:\"> GEN_<\/a><\/div>\r\n                    <div class=\"white-desc\" style=\"color:\">\r\n                        Qu\u2019ont en commun les femmes et hommes qui re\u0302vent d\u2019avoir un enfant et celles et ceux qui cherchent une ade\u0301quation...                    <\/div>\r\n                    <div class=\"fl-viewmore\">\r\n                        <a href=\"https:\/\/bellotafilms.fr\/en\/film-detail\/gen\/\" title=\"View more\" >\r\n                            <span class=\"more-white\" style=\"color:\">\r\n                                View more                                <i class=\"fa fa-long-arrow-right\" style=\"color:\"><\/i>\r\n                            <\/span>\r\n                        <\/a>\r\n                    <\/div>\r\n                <\/div>\r\n            <\/div>\r\n        <\/li>\r\n                <li class=\"fl-mg\">\r\n            <div class=\"film-item cus-item-1\">\r\n                <img loading=\"lazy\" decoding=\"async\" width=\"889\" height=\"540\" src=\"https:\/\/bellotafilms.fr\/wp-content\/uploads\/2022\/11\/p17766506_k_h9_aa-1-e1668692037253-889x540.jpg\" class=\"attachment-filmmaker_BE size-filmmaker_BE wp-post-image\" alt=\"\" srcset=\"https:\/\/bellotafilms.fr\/wp-content\/uploads\/2022\/11\/p17766506_k_h9_aa-1-e1668692037253-889x540.jpg 889w, https:\/\/bellotafilms.fr\/wp-content\/uploads\/2022\/11\/p17766506_k_h9_aa-1-e1668692037253-18x12.jpg 18w\" sizes=\"(max-width: 889px) 100vw, 889px\" \/>                <div class=\"center centertxt\">\r\n                    <div class=\"title-white\"><a href=\"https:\/\/bellotafilms.fr\/en\/film_category\/documentaire\/\" title=\"DOCUMENTARY\" style=\"color:\">DOCUMENTARY<\/a><\/div>\r\n                    <div class=\"title-bold-white\">\r\n                        <a href=\"https:\/\/bellotafilms.fr\/en\/film-detail\/limaginarium-de-terry-gilliam\/\" style=\"color:\"> TERRY GILLIAM, POWER TO IMAGINATION !<\/a><\/div>\r\n                    <div class=\"white-desc\" style=\"color:\">\r\n                        \u00c0 la fois grandiloquente et intime, baroque et m\u00e9ticuleuse, burlesque et tragique, l\u2019\u0153uvre de Gilliam est vaste et complexe. Il...                    <\/div>\r\n                    <div class=\"fl-viewmore\">\r\n                        <a href=\"https:\/\/bellotafilms.fr\/en\/film-detail\/limaginarium-de-terry-gilliam\/\" title=\"View more\" >\r\n                            <span class=\"more-white\" style=\"color:\">\r\n                                View more                                <i class=\"fa fa-long-arrow-right\" style=\"color:\"><\/i>\r\n                            <\/span>\r\n                        <\/a>\r\n                    <\/div>\r\n                <\/div>\r\n            <\/div>\r\n        <\/li>\r\n                <li class=\"fl-mg\">\r\n            <div class=\"film-item cus-item-1\">\r\n                <img loading=\"lazy\" decoding=\"async\" width=\"840\" height=\"525\" src=\"https:\/\/bellotafilms.fr\/wp-content\/uploads\/2022\/06\/matrix.jpg\" class=\"attachment-filmmaker_BE size-filmmaker_BE wp-post-image\" alt=\"\" srcset=\"https:\/\/bellotafilms.fr\/wp-content\/uploads\/2022\/06\/matrix.jpg 840w, https:\/\/bellotafilms.fr\/wp-content\/uploads\/2022\/06\/matrix-768x480.jpg 768w, https:\/\/bellotafilms.fr\/wp-content\/uploads\/2022\/06\/matrix-18x12.jpg 18w\" sizes=\"(max-width: 840px) 100vw, 840px\" \/>                <div class=\"center centertxt\">\r\n                    <div class=\"title-white\"><a href=\"https:\/\/bellotafilms.fr\/en\/film_category\/documentaire\/\" title=\"DOCUMENTARY\" style=\"color:\">DOCUMENTARY<\/a><\/div>\r\n                    <div class=\"title-bold-white\">\r\n                        <a href=\"https:\/\/bellotafilms.fr\/en\/film-detail\/matrix-naissance-de-la-bit-generation\/\" style=\"color:\"> MATRIX GENERATION<\/a><\/div>\r\n                    <div class=\"white-desc\" style=\"color:\">\r\n                        D\u00e8s sa sortie, Matrix est un ph\u00e9nom\u00e8ne \u00e0 l\u2019influence consid\u00e9rable, un moment d\u2019anthologie qui fait basculer l\u2019histoire du cin\u00e9ma. Le...                    <\/div>\r\n                    <div class=\"fl-viewmore\">\r\n                        <a href=\"https:\/\/bellotafilms.fr\/en\/film-detail\/matrix-naissance-de-la-bit-generation\/\" title=\"View more\" >\r\n                            <span class=\"more-white\" style=\"color:\">\r\n                                View more                                <i class=\"fa fa-long-arrow-right\" style=\"color:\"><\/i>\r\n                            <\/span>\r\n                        <\/a>\r\n                    <\/div>\r\n                <\/div>\r\n            <\/div>\r\n        <\/li>\r\n                <li class=\"fl-mg\">\r\n            <div class=\"film-item cus-item-1\">\r\n                <img loading=\"lazy\" decoding=\"async\" width=\"960\" height=\"540\" src=\"https:\/\/bellotafilms.fr\/wp-content\/uploads\/2022\/09\/3d362b771b603d300d22c030a3f66f08-960x540.jpeg\" class=\"attachment-filmmaker_BE size-filmmaker_BE wp-post-image\" alt=\"\" srcset=\"https:\/\/bellotafilms.fr\/wp-content\/uploads\/2022\/09\/3d362b771b603d300d22c030a3f66f08-960x540.jpeg 960w, https:\/\/bellotafilms.fr\/wp-content\/uploads\/2022\/09\/3d362b771b603d300d22c030a3f66f08-320x180.jpeg 320w, https:\/\/bellotafilms.fr\/wp-content\/uploads\/2022\/09\/3d362b771b603d300d22c030a3f66f08-1440x810.jpeg 1440w\" sizes=\"(max-width: 960px) 100vw, 960px\" \/>                <div class=\"center centertxt\">\r\n                    <div class=\"title-white\"><a href=\"https:\/\/bellotafilms.fr\/en\/film_category\/documentaire\/\" title=\"DOCUMENTARY\" style=\"color:\">DOCUMENTARY<\/a><\/div>\r\n                    <div class=\"title-bold-white\">\r\n                        <a href=\"https:\/\/bellotafilms.fr\/en\/film-detail\/fouad-elkoury\/\" style=\"color:\"> FOUAD ELKHOURY BY FOUAD<\/a><\/div>\r\n                    <div class=\"white-desc\" style=\"color:\">\r\n                        Le parcours singulier de Fouad Elkoury, entre photojournalisme et photo d\u2019art, nous plonge dans l\u2019histoire complexe et tragique du Liban...                    <\/div>\r\n                    <div class=\"fl-viewmore\">\r\n                        <a href=\"https:\/\/bellotafilms.fr\/en\/film-detail\/fouad-elkoury\/\" title=\"View more\" >\r\n                            <span class=\"more-white\" style=\"color:\">\r\n                                View more                                <i class=\"fa fa-long-arrow-right\" style=\"color:\"><\/i>\r\n                            <\/span>\r\n                        <\/a>\r\n                    <\/div>\r\n                <\/div>\r\n            <\/div>\r\n        <\/li>\r\n                        <\/ul>                <\/div>\r\n<\/section><section class=\"vc_row wpb_row vc_row-fluid\"><div class=\"wpb_column vc_column_container vc_col-sm-12\"><div class=\"vc_column-inner\"><div class=\"wpb_wrapper\">\n\t<div class=\"wpb_text_column wpb_content_element\" >\n\t\t<div class=\"wpb_wrapper\">\n\t\t\t\n\t\t<\/div>\n\t<\/div>\n<\/div><\/div><\/div><\/section><\/div>","protected":false},"excerpt":{"rendered":"Le parcours singulier de Fouad Elkoury, entre photojournalisme et photo d\u2019art, nous plonge dans l\u2019histoire complexe et tragique du Liban ravag\u00e9 par la guerre, des ann\u00e9es 70 \u00e0 aujourd\u2019hui. Une rencontre intime et privil\u00e9gi\u00e9e avec l\u2019un des plus grands photographes du monde arabe, \u00e0 travers ses archives personnelles, ses r\u00e9cits de voyage et de vie.","protected":false},"author":1,"featured_media":0,"parent":0,"menu_order":0,"comment_status":"closed","ping_status":"closed","template":"","meta":{"footnotes":""},"_links":{"self":[{"href":"https:\/\/bellotafilms.fr\/en\/wp-json\/wp\/v2\/pages\/10491"}],"collection":[{"href":"https:\/\/bellotafilms.fr\/en\/wp-json\/wp\/v2\/pages"}],"about":[{"href":"https:\/\/bellotafilms.fr\/en\/wp-json\/wp\/v2\/types\/page"}],"author":[{"embeddable":true,"href":"https:\/\/bellotafilms.fr\/en\/wp-json\/wp\/v2\/users\/1"}],"replies":[{"embeddable":true,"href":"https:\/\/bellotafilms.fr\/en\/wp-json\/wp\/v2\/comments?post=10491"}],"version-history":[{"count":2,"href":"https:\/\/bellotafilms.fr\/en\/wp-json\/wp\/v2\/pages\/10491\/revisions"}],"predecessor-version":[{"id":10984,"href":"https:\/\/bellotafilms.fr\/en\/wp-json\/wp\/v2\/pages\/10491\/revisions\/10984"}],"wp:attachment":[{"href":"https:\/\/bellotafilms.fr\/en\/wp-json\/wp\/v2\/media?parent=10491"}],"curies":[{"name":"wp","href":"https:\/\/api.w.org\/{rel}","templated":true}]}}