{"id":2,"date":"2018-06-07T13:25:10","date_gmt":"2018-06-07T11:25:10","guid":{"rendered":"http:\/\/bellotafilms.fr\/?page_id=2"},"modified":"2018-06-07T14:39:54","modified_gmt":"2018-06-07T12:39:54","slug":"page-d-exemple","status":"publish","type":"page","link":"https:\/\/bellotafilms.fr\/en\/page-d-exemple\/","title":{"rendered":"Qui sommes-nous?"},"content":{"rendered":"<div class=\"wpb-content-wrapper\"><section class=\"vc_row wpb_row vc_row-fluid\"><div class=\"wpb_column vc_column_container vc_col-sm-12\"><div class=\"vc_column-inner\"><div class=\"wpb_wrapper\">\n\t<div class=\"wpb_text_column wpb_content_element\" >\n\t\t<div class=\"wpb_wrapper\">\n\t\t\t<p class=\"BasicParagraph\">Bellota Films a \u00e9t\u00e9 fond\u00e9e en 2009 par<strong>\u00a0Dominique Barneaud\u00a0<\/strong>et\u00a0<strong>Hind Sa\u00efh\u00a0<\/strong>dans le d\u00e9sir de produire des films singuliers et ambitieux.<\/p>\n<p>Forts d\u2019une exp\u00e9rience de production de 20 ans en France et \u00e0 l&rsquo;international, nous pla\u00e7ons au c\u0153ur de notre activit\u00e9 les \u00e9critures innovantes et les d\u00e9marches engag\u00e9es. Nos films sont des coups de c\u0153ur assum\u00e9s et motiv\u00e9s par l\u2019envie de partager des \u00e9clairages uniques, \u00e9tonnants, sur le monde contemporain et sur le r\u00e9el.<\/p>\n<p>En 2015 Bellota Films a \u00e9t\u00e9 nomin\u00e9e au Prix du meilleur Producteur de la Procirep cat\u00e9gorie documentaire.<\/p>\n\n\t\t<\/div>\n\t<\/div>\n<\/div><\/div><\/div><\/section>\n<\/div>","protected":false},"excerpt":{"rendered":"Bellota Films a \u00e9t\u00e9 fond\u00e9e en 2009 par\u00a0Dominique Barneaud\u00a0et\u00a0Hind Sa\u00efh\u00a0dans le d\u00e9sir de produire des films singuliers et ambitieux. Forts d\u2019une exp\u00e9rience de production de 20 ans en France et \u00e0 l'international, nous pla\u00e7ons au c\u0153ur de notre activit\u00e9 les \u00e9critures innovantes et les d\u00e9marches engag\u00e9es. Nos films sont des coups de c\u0153ur assum\u00e9s et [...]","protected":false},"author":1,"featured_media":0,"parent":0,"menu_order":0,"comment_status":"closed","ping_status":"open","template":"","meta":{"footnotes":""},"_links":{"self":[{"href":"https:\/\/bellotafilms.fr\/en\/wp-json\/wp\/v2\/pages\/2"}],"collection":[{"href":"https:\/\/bellotafilms.fr\/en\/wp-json\/wp\/v2\/pages"}],"about":[{"href":"https:\/\/bellotafilms.fr\/en\/wp-json\/wp\/v2\/types\/page"}],"author":[{"embeddable":true,"href":"https:\/\/bellotafilms.fr\/en\/wp-json\/wp\/v2\/users\/1"}],"replies":[{"embeddable":true,"href":"https:\/\/bellotafilms.fr\/en\/wp-json\/wp\/v2\/comments?post=2"}],"version-history":[{"count":0,"href":"https:\/\/bellotafilms.fr\/en\/wp-json\/wp\/v2\/pages\/2\/revisions"}],"wp:attachment":[{"href":"https:\/\/bellotafilms.fr\/en\/wp-json\/wp\/v2\/media?parent=2"}],"curies":[{"name":"wp","href":"https:\/\/api.w.org\/{rel}","templated":true}]}}