{"id":778,"date":"2015-12-17T03:04:22","date_gmt":"2015-12-17T03:04:22","guid":{"rendered":"http:\/\/filmmaker.beautheme.com\/?page_id=778"},"modified":"2022-03-01T12:18:22","modified_gmt":"2022-03-01T11:18:22","slug":"equipe","status":"publish","type":"page","link":"https:\/\/bellotafilms.fr\/en\/equipe\/","title":{"rendered":"Dream Team"},"content":{"rendered":"<div class=\"wpb-content-wrapper\"><section class=\"vc_row wpb_row vc_row-fluid vc_custom_1452573488683\"><div class=\"wpb_column vc_column_container vc_col-sm-12\"><div class=\"vc_column-inner\"><div class=\"wpb_wrapper\">\r\n    <div class=\"fl-title wow fadeInDown\" data-wow-delay=\"0.3s\">\r\n                    <div class=\"fl-title-small\" style=\"color:\">DREAM<\/div>\r\n                        <div class=\"fl-title-big bottom-title-big\" style=\"color:\">TEAM<\/div>\r\n            <\/div> <style>\r\n    \/*style one crew*\/ \r\n     .director-social .social a{\r\n        color: ;\r\n     }\r\n     .director-social .social{\r\n        background: ;\r\n     }\r\n    .director-social .social:hover{\r\n        background: ;\r\n    }\r\n    .director-social .social:hover a{\r\n        color: ;\r\n    }\r\n    \/*style tabs crew*\/ \r\n    .director-social-tab .social a{\r\n        color: ;\r\n     }\r\n    .director-social-tab .social{\r\n        background: ;\r\n     }\r\n    .director-social-tab .social:hover{\r\n        background: ;\r\n    }\r\n    .director-social-tab .social:hover a{\r\n        color: ;\r\n    }\r\n    \/*style list crew*\/\r\n    .crew-social .social a{\r\n        color: ;\r\n     }\r\n    .crew-social .social{\r\n        background: ;\r\n     }\r\n    .crew-social .social:hover{\r\n        background: ;\r\n    }\r\n    .crew-social .social:hover a{\r\n        color: ;\r\n    }\r\n <\/style>\r\n<section class=\"crew-item pd-crew\">\r\n    <div class=\"container\">\r\n        <div class=\"row\">\r\n                                                 <div class=\"col-md-4 col-sm-6 col-xs-12\">\r\n                <div class=\"crew-container wow slideInUp\" data-wow-delay=\"0.3s\">\r\n                    <img loading=\"lazy\" decoding=\"async\" width=\"363\" height=\"500\" src=\"https:\/\/bellotafilms.fr\/wp-content\/uploads\/2015\/12\/Hind-1-363x500.jpg\" class=\"attachment-filmmaker_DC size-filmmaker_DC wp-post-image\" alt=\"\" \/>                    <div class=\"fl-olay\"><\/div>\r\n                    <div class=\"crew-content\">\r\n                        <div class=\"crew-name\" style=\"color:\">\r\n                            Hind Sa\u00efh                        <\/div>\r\n                        <div class=\"crew-active\" style=\"color:\">\r\n                            ASSOCIATED PRODUCER                        <\/div>\r\n                        <div class=\"crew-desc\" style=\"color:\">\r\n                            Hind was born and raised in Morocco. She arrives in France to complete her studies. She graduated in Film Studies at the European Film and Audiovisual Institute in Nancy.\n\nShe founded Bellota Films in 2009 after having worked for ten years as a producer and a distributor for the company Play Film. She has produced 30 hours of documentary on various topics experimenting with new aesthetics and narrative modes, and articulating a strong vision about contemporary society.                        <\/div>\r\n                                            <\/div>\r\n                <\/div>\r\n            <\/div>\r\n                     <div class=\"col-md-4 col-sm-6 col-xs-12\">\r\n                <div class=\"crew-container wow slideInUp\" data-wow-delay=\"0.3s\">\r\n                    <img loading=\"lazy\" decoding=\"async\" width=\"365\" height=\"500\" src=\"https:\/\/bellotafilms.fr\/wp-content\/uploads\/2023\/10\/PHOTOPRO.NASSERv4-1-365x500.jpg\" class=\"attachment-filmmaker_DC size-filmmaker_DC wp-post-image\" alt=\"\" srcset=\"https:\/\/bellotafilms.fr\/wp-content\/uploads\/2023\/10\/PHOTOPRO.NASSERv4-1-365x500.jpg 365w, https:\/\/bellotafilms.fr\/wp-content\/uploads\/2023\/10\/PHOTOPRO.NASSERv4-1-9x12.jpg 9w\" sizes=\"(max-width: 365px) 100vw, 365px\" \/>                    <div class=\"fl-olay\"><\/div>\r\n                    <div class=\"crew-content\">\r\n                        <div class=\"crew-name\" style=\"color:\">\r\n                            Nasser Sari                        <\/div>\r\n                        <div class=\"crew-active\" style=\"color:\">\r\n                            PRODUCTEUR                        <\/div>\r\n                        <div class=\"crew-desc\" style=\"color:\">\r\n                            Apr\u00e8s des \u00e9tudes en Droit et Sciences Politiques, Nasser Sari travaille durant trois ans en tant que juriste aupr\u00e8s de demandeurs d&#039;asile. En 2018, il d\u00e9cide de se reconvertir dans l&#039;audiovisuel pour d\u00e9fendre autrement les causes qui lui tiennent \u00e0 c\u0153ur. Apr\u00e8s un stage chez France T\u00e9l\u00e9visions, il occupe pendant deux ans le poste de charg\u00e9 de d\u00e9veloppement au sein d&#039;Atlantique Productions. En 2023, il rejoint Bellota Films en tant que producteur.                        <\/div>\r\n                                            <\/div>\r\n                <\/div>\r\n            <\/div>\r\n                     <div class=\"col-md-4 col-sm-6 col-xs-12\">\r\n                <div class=\"crew-container wow slideInUp\" data-wow-delay=\"0.3s\">\r\n                    <img loading=\"lazy\" decoding=\"async\" width=\"363\" height=\"500\" src=\"https:\/\/bellotafilms.fr\/wp-content\/uploads\/2015\/12\/DomBarneaud-363x500.jpg\" class=\"attachment-filmmaker_DC size-filmmaker_DC wp-post-image\" alt=\"\" \/>                    <div class=\"fl-olay\"><\/div>\r\n                    <div class=\"crew-content\">\r\n                        <div class=\"crew-name\" style=\"color:\">\r\n                            Dominique Barneaud                        <\/div>\r\n                        <div class=\"crew-active\" style=\"color:\">\r\n                            ASSOCIATED PRODUCER                        <\/div>\r\n                        <div class=\"crew-desc\" style=\"color:\">\r\n                            As a producer, Dominique founded Kalamazoo Films in 1992. He joined AGAT Films &amp; Cie \/ Ex Nihilo in 2000, with whom he produced many feature films, TV dramas and documentaries, up until the end of 2010.\nIn 2011 he joined Bellota Films, to produce with an untouched passion new TV programs and feature films in France and through his international network of partners.                        <\/div>\r\n                                                    <div class=\"crew-social\">\r\n                                                                    <span class=\"social\">\r\n                                        <a href=\"https:\/\/twitter.com\/dom_at_bellota?lang=fr\" title=\"social\" >\r\n                                            <i class=\"fa fa-twitter\"><\/i><\/a>\r\n                                    <\/span>\r\n                                                             <\/div>\r\n                                            <\/div>\r\n                <\/div>\r\n            <\/div>\r\n                        \r\n                                                         <\/div>\r\n    <\/div>\r\n<\/section>\r\n \r\n\r\n\r\n <style>\r\n    \/*style one crew*\/ \r\n     .director-social .social a{\r\n        color: ;\r\n     }\r\n     .director-social .social{\r\n        background: ;\r\n     }\r\n    .director-social .social:hover{\r\n        background: ;\r\n    }\r\n    .director-social .social:hover a{\r\n        color: ;\r\n    }\r\n    \/*style tabs crew*\/ \r\n    .director-social-tab .social a{\r\n        color: ;\r\n     }\r\n    .director-social-tab .social{\r\n        background: ;\r\n     }\r\n    .director-social-tab .social:hover{\r\n        background: ;\r\n    }\r\n    .director-social-tab .social:hover a{\r\n        color: ;\r\n    }\r\n    \/*style list crew*\/\r\n    .crew-social .social a{\r\n        color: ;\r\n     }\r\n    .crew-social .social{\r\n        background: ;\r\n     }\r\n    .crew-social .social:hover{\r\n        background: ;\r\n    }\r\n    .crew-social .social:hover a{\r\n        color: ;\r\n    }\r\n <\/style>\r\n<section class=\"crew-item pd-crew\">\r\n    <div class=\"container\">\r\n        <div class=\"row\">\r\n                                                 <div class=\"col-md-4 col-sm-6 col-xs-12\">\r\n                <div class=\"crew-container wow slideInUp\" data-wow-delay=\"0.3s\">\r\n                    <img loading=\"lazy\" decoding=\"async\" width=\"365\" height=\"500\" src=\"https:\/\/bellotafilms.fr\/wp-content\/uploads\/2018\/07\/Carinebis-365x500.jpg\" class=\"attachment-filmmaker_DC size-filmmaker_DC wp-post-image\" alt=\"\" \/>                    <div class=\"fl-olay\"><\/div>\r\n                    <div class=\"crew-content\">\r\n                        <div class=\"crew-name\" style=\"color:\">\r\n                            Carine Natcheyan                        <\/div>\r\n                        <div class=\"crew-active\" style=\"color:\">\r\n                            ACCOUNTANT                        <\/div>\r\n                        <div class=\"crew-desc\" style=\"color:\">\r\n                            After working more than 10 years as an accountant for Agat Films \/ Ex Nihilo, Carine joins Bellota as Chief Accountant. She is also responsible for the books of the company Red Corner.                        <\/div>\r\n                                            <\/div>\r\n                <\/div>\r\n            <\/div>\r\n                     <div class=\"col-md-4 col-sm-6 col-xs-12\">\r\n                <div class=\"crew-container wow slideInUp\" data-wow-delay=\"0.3s\">\r\n                    <img loading=\"lazy\" decoding=\"async\" width=\"365\" height=\"500\" src=\"https:\/\/bellotafilms.fr\/wp-content\/uploads\/2023\/11\/BEN_2-365x500.png\" class=\"attachment-filmmaker_DC size-filmmaker_DC wp-post-image\" alt=\"\" \/>                    <div class=\"fl-olay\"><\/div>\r\n                    <div class=\"crew-content\">\r\n                        <div class=\"crew-name\" style=\"color:\">\r\n                            Benjamin Ferbus                        <\/div>\r\n                        <div class=\"crew-active\" style=\"color:\">\r\n                            DIRECTEUR DE PRODUCTION                        <\/div>\r\n                        <div class=\"crew-desc\" style=\"color:\">\r\n                            Apr\u00e8s un Master en \u00e9conomie appliqu\u00e9e \u00e0 la Sorbonne puis en production audiovisuelle, Benjamin Ferbus se sp\u00e9cialise dans le documentaire (Doc en Stock, Image et Compagnie, CC&amp;C - Mediawan). En 2023, il rejoint Bellota Films en tant que directeur de production.                        <\/div>\r\n                                            <\/div>\r\n                <\/div>\r\n            <\/div>\r\n                     <div class=\"col-md-4 col-sm-6 col-xs-12\">\r\n                <div class=\"crew-container wow slideInUp\" data-wow-delay=\"0.3s\">\r\n                    <img loading=\"lazy\" decoding=\"async\" width=\"240\" height=\"273\" src=\"https:\/\/bellotafilms.fr\/wp-content\/uploads\/2025\/03\/Anaelle-Palmer.png\" class=\"attachment-filmmaker_DC size-filmmaker_DC wp-post-image\" alt=\"\" srcset=\"https:\/\/bellotafilms.fr\/wp-content\/uploads\/2025\/03\/Anaelle-Palmer.png 240w, https:\/\/bellotafilms.fr\/wp-content\/uploads\/2025\/03\/Anaelle-Palmer-11x12.png 11w\" sizes=\"(max-width: 240px) 100vw, 240px\" \/>                    <div class=\"fl-olay\"><\/div>\r\n                    <div class=\"crew-content\">\r\n                        <div class=\"crew-name\" style=\"color:\">\r\n                            Ana\u00eblle Palmer                        <\/div>\r\n                        <div class=\"crew-active\" style=\"color:\">\r\n                            HEAD OF POST-PRODUCTION                        <\/div>\r\n                        <div class=\"crew-desc\" style=\"color:\">\r\n                            After a master's degree in documentary filmmaking and archives, Ana\u00eblle gained experience in various production companies. She joined Bellota Films as an intern in 2023, before becoming post-production manager.                        <\/div>\r\n                                            <\/div>\r\n                <\/div>\r\n            <\/div>\r\n                        \r\n                                                         <\/div>\r\n    <\/div>\r\n<\/section>\r\n \r\n\r\n\r\n<\/div><\/div><\/div><\/section>\n<\/div>","protected":false},"excerpt":{"rendered":"After a master's degree in documentary filmmaking and archives, Ana\u00eblle gained experience in various production companies. She joined Bellota Films as an intern in 2023, before becoming post-production manager.","protected":false},"author":1,"featured_media":0,"parent":0,"menu_order":0,"comment_status":"closed","ping_status":"closed","template":"page-default.php","meta":{"footnotes":""},"_links":{"self":[{"href":"https:\/\/bellotafilms.fr\/en\/wp-json\/wp\/v2\/pages\/778"}],"collection":[{"href":"https:\/\/bellotafilms.fr\/en\/wp-json\/wp\/v2\/pages"}],"about":[{"href":"https:\/\/bellotafilms.fr\/en\/wp-json\/wp\/v2\/types\/page"}],"author":[{"embeddable":true,"href":"https:\/\/bellotafilms.fr\/en\/wp-json\/wp\/v2\/users\/1"}],"replies":[{"embeddable":true,"href":"https:\/\/bellotafilms.fr\/en\/wp-json\/wp\/v2\/comments?post=778"}],"version-history":[{"count":0,"href":"https:\/\/bellotafilms.fr\/en\/wp-json\/wp\/v2\/pages\/778\/revisions"}],"wp:attachment":[{"href":"https:\/\/bellotafilms.fr\/en\/wp-json\/wp\/v2\/media?parent=778"}],"curies":[{"name":"wp","href":"https:\/\/api.w.org\/{rel}","templated":true}]}}