{"id":10508,"date":"2023-11-27T12:49:27","date_gmt":"2023-11-27T11:49:27","guid":{"rendered":"https:\/\/bellotafilms.fr\/?page_id=10508"},"modified":"2025-11-24T16:28:30","modified_gmt":"2025-11-24T15:28:30","slug":"nos-projets","status":"publish","type":"page","link":"https:\/\/bellotafilms.fr\/fr_fr\/10491-2\/nos-projets\/","title":{"rendered":"Nos projets"},"content":{"rendered":"<div class=\"wpb-content-wrapper\"><section class=\"vc_row wpb_row vc_row-fluid\"><div class=\"wpb_column vc_column_container vc_col-sm-12\"><div class=\"vc_column-inner\"><div class=\"wpb_wrapper\">\n\t<div class=\"wpb_text_column wpb_content_element\" >\n\t\t<div class=\"wpb_wrapper\">\n\t\t\t\n\t\t<\/div>\n\t<\/div>\n<\/div><\/div><\/div><\/section><section class=\"vc_row wpb_row vc_row-fluid\"><div class=\"wpb_column vc_column_container vc_col-sm-12\"><div class=\"vc_column-inner\"><div class=\"wpb_wrapper\">\n\t<div class=\"wpb_text_column wpb_content_element\" >\n\t\t<div class=\"wpb_wrapper\">\n\t\t\t<section class=\"vc_row wpb_row vc_row-fluid\"><\/section><div class=\"wpb_column vc_column_container vc_col-sm-12\"><div class=\"vc_column-inner\"><div class=\"wpb_wrapper\"><\/div><\/div><\/div>\n\t<div class=\"wpb_text_column wpb_content_element\" >\n\t\t<div class=\"wpb_wrapper\">\n\t\t\t\n\t\t<\/div>\n\t<\/div>\n\n\t\t<\/div>\n\t<\/div>\n<\/div><\/div><\/div><\/section>\r\n    <div class=\"fl-title wow fadeInDown\" data-wow-delay=\"0.3s\">\r\n                        <div class=\"fl-title-big bottom-title-big\" style=\"color:\">EN D\u00c9VELOPPEMENT<\/div>\r\n            <\/div><section data-vc-full-width=\"true\" data-vc-full-width-init=\"false\" data-vc-stretch-content=\"true\" class=\"vc_row wpb_row vc_row-fluid\"><\/section><div class=\"vc_row-full-width\"><\/div><div class=\"wpb_column vc_column_container vc_col-sm-12\"><div class=\"vc_column-inner\"><div class=\"wpb_wrapper\"><\/div><\/div><\/div><style id=\"custom_css_filmmaker_clearfix_11603\">#filmmaker_clearfix_11603.clearfix { height:1rem;}@media (min-width: 576px){#filmmaker_clearfix_11603.clearfix { height:;}}@media (min-width: 768px){#filmmaker_clearfix_11603.clearfix { height:;}}@media (min-width: 992px){#filmmaker_clearfix_11603.clearfix { height:;}}@media (min-width: 1200px){#filmmaker_clearfix_11603.clearfix { height:;}}@media (min-width: 1640px){#filmmaker_clearfix_11603.clearfix { height:;}}<\/style><div id=\"filmmaker_clearfix_11603\" class=\"clearfix \"><\/div>\n<style id=\"custom_css_filmmaker_clearfix_66729\">#filmmaker_clearfix_66729.clearfix { height:1rem;}@media (min-width: 576px){#filmmaker_clearfix_66729.clearfix { height:;}}@media (min-width: 768px){#filmmaker_clearfix_66729.clearfix { height:;}}@media (min-width: 992px){#filmmaker_clearfix_66729.clearfix { height:1500;}}@media (min-width: 1200px){#filmmaker_clearfix_66729.clearfix { height:1500;}}@media (min-width: 1640px){#filmmaker_clearfix_66729.clearfix { height:;}}<\/style><div id=\"filmmaker_clearfix_66729\" class=\"clearfix \"><\/div>\n<style>\r\n    .p-viewmore .more{\r\n        border: 1px solid  ;\r\n    }\r\n    .p-viewmore .more:hover{\r\n        background: ;\r\n    }\r\n    .p-viewmore .more:hover a, .p-viewmore .more:hover .fa{\r\n        color:  !important;\r\n    }\r\n    .fl-viewmore .more-white{\r\n        border: 1px solid  ;\r\n    }\r\n    .fl-viewmore:hover .more-white{\r\n        background:     }\r\n    .film-item .title-white:hover a, .film-item .title-bold-white:hover a, .p-category:hover a, .p-name:hover a{\r\n        color:  !important;\r\n    }\r\n<\/style>\r\n  <section class=\"product-item\">\r\n    <div class=\"container-fluid \">\r\n        <div class=\"fl-title fl-bottom\">\r\n\r\n                          \r\n                                 <\/div>\r\n                                        <ul class=\"list-film2 wow fadeInUp\" data-wow-delay=\"0.3s\">\r\n                <li class=\"fl-mg \">\r\n            <div class=\"film-item cus-item-1 \">\r\n                <img loading=\"lazy\" decoding=\"async\" width=\"960\" height=\"540\" src=\"https:\/\/bellotafilms.fr\/wp-content\/uploads\/2021\/06\/ibiza-opening-parties-960x540.jpg\" class=\"attachment-filmmaker_BE size-filmmaker_BE wp-post-image\" alt=\"\" srcset=\"https:\/\/bellotafilms.fr\/wp-content\/uploads\/2021\/06\/ibiza-opening-parties-960x540.jpg 960w, https:\/\/bellotafilms.fr\/wp-content\/uploads\/2021\/06\/ibiza-opening-parties-320x180.jpg 320w\" sizes=\"(max-width: 960px) 100vw, 960px\" \/>                <div class=\"center centertxt\">\r\n                    <div class=\"title-white\"><a href=\"https:\/\/bellotafilms.fr\/fr_fr\/film_category\/en-developpement\/\" title=\"EN D\u00c9VELOPPEMENT\" style=\"color:\">EN D\u00c9VELOPPEMENT<\/a><\/div>\r\n                    <div class=\"title-bold-white\">\r\n                        <a href=\"https:\/\/bellotafilms.fr\/fr_fr\/film-detail\/party-people\/\" style=\"color:\"> PARTY PEOPLE<\/a><\/div>\r\n                    <div class=\"white-desc \" style=\"color:\">\r\n                        Ibiza, 2001. Autrefois temple des hippies et de l&#039;h\u00e9donisme, la sc\u00e8ne des clubs s&#039;est transform\u00e9e en une industrie impitoyable. \u2028Andrew,...                    <\/div>\r\n                    <div class=\"fl-viewmore\">\r\n                        <a href=\"https:\/\/bellotafilms.fr\/fr_fr\/film-detail\/party-people\/\" title=\"View more\" >\r\n                            <span class=\"more-white\" style=\"color:\">\r\n                                View more                                <i class=\"fa fa-long-arrow-right\" style=\"color:\"><\/i>\r\n                            <\/span>\r\n                        <\/a>\r\n                    <\/div>\r\n                <\/div>\r\n            <\/div>\r\n        <\/li>\r\n                <li class=\"fl-mg \">\r\n            <div class=\"film-item cus-item-1 \">\r\n                <img loading=\"lazy\" decoding=\"async\" width=\"960\" height=\"540\" src=\"https:\/\/bellotafilms.fr\/wp-content\/uploads\/2023\/10\/Timeline-22_01_18_09_08-960x540.jpg\" class=\"attachment-filmmaker_BE size-filmmaker_BE wp-post-image\" alt=\"\" srcset=\"https:\/\/bellotafilms.fr\/wp-content\/uploads\/2023\/10\/Timeline-22_01_18_09_08-960x540.jpg 960w, https:\/\/bellotafilms.fr\/wp-content\/uploads\/2023\/10\/Timeline-22_01_18_09_08-768x432.jpg 768w, https:\/\/bellotafilms.fr\/wp-content\/uploads\/2023\/10\/Timeline-22_01_18_09_08-1536x864.jpg 1536w, https:\/\/bellotafilms.fr\/wp-content\/uploads\/2023\/10\/Timeline-22_01_18_09_08-18x10.jpg 18w, https:\/\/bellotafilms.fr\/wp-content\/uploads\/2023\/10\/Timeline-22_01_18_09_08-320x180.jpg 320w, https:\/\/bellotafilms.fr\/wp-content\/uploads\/2023\/10\/Timeline-22_01_18_09_08-1440x810.jpg 1440w, https:\/\/bellotafilms.fr\/wp-content\/uploads\/2023\/10\/Timeline-22_01_18_09_08.jpg 1920w\" sizes=\"(max-width: 960px) 100vw, 960px\" \/>                <div class=\"center centertxt\">\r\n                    <div class=\"title-white\"><a href=\"https:\/\/bellotafilms.fr\/fr_fr\/film_category\/documentaire\/\" title=\"DOCUMENTAIRE\" style=\"color:\">DOCUMENTAIRE<\/a><\/div>\r\n                    <div class=\"title-bold-white\">\r\n                        <a href=\"https:\/\/bellotafilms.fr\/fr_fr\/film-detail\/ballroom\/\" style=\"color:\"> BALLROOM<\/a><\/div>\r\n                    <div class=\"white-desc \" style=\"color:\">\r\n                        Ballroom nous plonge dans la communaut\u00e9 LGBTQIA+ et racis\u00e9e du Grand Paris, r\u00e9unie autour de la culture ballroom. Nous suivons...                    <\/div>\r\n                    <div class=\"fl-viewmore\">\r\n                        <a href=\"https:\/\/bellotafilms.fr\/fr_fr\/film-detail\/ballroom\/\" title=\"View more\" >\r\n                            <span class=\"more-white\" style=\"color:\">\r\n                                View more                                <i class=\"fa fa-long-arrow-right\" style=\"color:\"><\/i>\r\n                            <\/span>\r\n                        <\/a>\r\n                    <\/div>\r\n                <\/div>\r\n            <\/div>\r\n        <\/li>\r\n                <li class=\"fl-mg \">\r\n            <div class=\"film-item cus-item-1 \">\r\n                <img loading=\"lazy\" decoding=\"async\" width=\"559\" height=\"330\" src=\"https:\/\/bellotafilms.fr\/wp-content\/uploads\/2022\/11\/Baka-in-the-forest-e1669126700806.png\" class=\"attachment-filmmaker_BE size-filmmaker_BE wp-post-image\" alt=\"\" srcset=\"https:\/\/bellotafilms.fr\/wp-content\/uploads\/2022\/11\/Baka-in-the-forest-e1669126700806.png 559w, https:\/\/bellotafilms.fr\/wp-content\/uploads\/2022\/11\/Baka-in-the-forest-e1669126700806-18x12.png 18w, https:\/\/bellotafilms.fr\/wp-content\/uploads\/2022\/11\/Baka-in-the-forest-e1669126700806-300x177.png 300w\" sizes=\"(max-width: 559px) 100vw, 559px\" \/>                <div class=\"center centertxt\">\r\n                    <div class=\"title-white\"><a href=\"https:\/\/bellotafilms.fr\/fr_fr\/film_category\/en-developpement\/\" title=\"EN D\u00c9VELOPPEMENT\" style=\"color:\">EN D\u00c9VELOPPEMENT<\/a><\/div>\r\n                    <div class=\"title-bold-white\">\r\n                        <a href=\"https:\/\/bellotafilms.fr\/fr_fr\/film-detail\/baka-a-la-recherche-de-lavenir-2\/\" style=\"color:\"> BAKA : A LA RECHERCHE DE L&rsquo;AVENIR<\/a><\/div>\r\n                    <div class=\"white-desc \" style=\"color:\">\r\n                        Il y a 40 ans, le cin\u00e9aste britannique Phil Agland s&#039;est rendu dans le bassin du Congo pour r\u00e9aliser un...                    <\/div>\r\n                    <div class=\"fl-viewmore\">\r\n                        <a href=\"https:\/\/bellotafilms.fr\/fr_fr\/film-detail\/baka-a-la-recherche-de-lavenir-2\/\" title=\"View more\" >\r\n                            <span class=\"more-white\" style=\"color:\">\r\n                                View more                                <i class=\"fa fa-long-arrow-right\" style=\"color:\"><\/i>\r\n                            <\/span>\r\n                        <\/a>\r\n                    <\/div>\r\n                <\/div>\r\n            <\/div>\r\n        <\/li>\r\n                <li class=\"fl-mg \">\r\n            <div class=\"film-item cus-item-1 \">\r\n                <img loading=\"lazy\" decoding=\"async\" width=\"960\" height=\"540\" src=\"https:\/\/bellotafilms.fr\/wp-content\/uploads\/2023\/12\/2025-03-17-_-Affiche-VA-_-UKRAINE-960x540.png\" class=\"attachment-filmmaker_BE size-filmmaker_BE wp-post-image\" alt=\"\" srcset=\"https:\/\/bellotafilms.fr\/wp-content\/uploads\/2023\/12\/2025-03-17-_-Affiche-VA-_-UKRAINE-960x540.png 960w, https:\/\/bellotafilms.fr\/wp-content\/uploads\/2023\/12\/2025-03-17-_-Affiche-VA-_-UKRAINE-320x180.png 320w\" sizes=\"(max-width: 960px) 100vw, 960px\" \/>                <div class=\"center centertxt\">\r\n                    <div class=\"title-white\"><a href=\"https:\/\/bellotafilms.fr\/fr_fr\/film_category\/en-production\/\" title=\"EN PRODUCTION\" style=\"color:\">EN PRODUCTION<\/a><\/div>\r\n                    <div class=\"title-bold-white\">\r\n                        <a href=\"https:\/\/bellotafilms.fr\/fr_fr\/film-detail\/nous-lukraine\/\" style=\"color:\"> NOUS, L&rsquo;UKRAINE<\/a><\/div>\r\n                    <div class=\"white-desc \" style=\"color:\">\r\n                        Pour r\u00e9sister \u00e0 la guerre de Poutine, la culture est aussi une ligne de front. Sous la menace incessante de...                    <\/div>\r\n                    <div class=\"fl-viewmore\">\r\n                        <a href=\"https:\/\/bellotafilms.fr\/fr_fr\/film-detail\/nous-lukraine\/\" title=\"View more\" >\r\n                            <span class=\"more-white\" style=\"color:\">\r\n                                View more                                <i class=\"fa fa-long-arrow-right\" style=\"color:\"><\/i>\r\n                            <\/span>\r\n                        <\/a>\r\n                    <\/div>\r\n                <\/div>\r\n            <\/div>\r\n        <\/li>\r\n                <li class=\"fl-mg \">\r\n            <div class=\"film-item cus-item-1 \">\r\n                <img loading=\"lazy\" decoding=\"async\" width=\"960\" height=\"540\" src=\"https:\/\/bellotafilms.fr\/wp-content\/uploads\/2021\/06\/7-dark-universe-dark-matter-960x540.jpg\" class=\"attachment-filmmaker_BE size-filmmaker_BE wp-post-image\" alt=\"\" srcset=\"https:\/\/bellotafilms.fr\/wp-content\/uploads\/2021\/06\/7-dark-universe-dark-matter-960x540.jpg 960w, https:\/\/bellotafilms.fr\/wp-content\/uploads\/2021\/06\/7-dark-universe-dark-matter-320x180.jpg 320w\" sizes=\"(max-width: 960px) 100vw, 960px\" \/>                <div class=\"center centertxt\">\r\n                    <div class=\"title-white\"><a href=\"https:\/\/bellotafilms.fr\/fr_fr\/film_category\/en-developpement\/\" title=\"EN D\u00c9VELOPPEMENT\" style=\"color:\">EN D\u00c9VELOPPEMENT<\/a><\/div>\r\n                    <div class=\"title-bold-white\">\r\n                        <a href=\"https:\/\/bellotafilms.fr\/fr_fr\/film-detail\/le-signal\/\" style=\"color:\"> LE SIGNAL<\/a><\/div>\r\n                    <div class=\"white-desc \" style=\"color:\">\r\n                        Lorsque le professeur Hendrix Fergusson conduit une exp\u00e9rience au CERN visant \u00e0 prouver l\u2019existence des univers parall\u00e8les, il ignore que...                    <\/div>\r\n                    <div class=\"fl-viewmore\">\r\n                        <a href=\"https:\/\/bellotafilms.fr\/fr_fr\/film-detail\/le-signal\/\" title=\"View more\" >\r\n                            <span class=\"more-white\" style=\"color:\">\r\n                                View more                                <i class=\"fa fa-long-arrow-right\" style=\"color:\"><\/i>\r\n                            <\/span>\r\n                        <\/a>\r\n                    <\/div>\r\n                <\/div>\r\n            <\/div>\r\n        <\/li>\r\n                        <\/ul>                <\/div>\r\n<\/section><section class=\"vc_row wpb_row vc_row-fluid\"><div class=\"wpb_column vc_column_container vc_col-sm-12\"><div class=\"vc_column-inner\"><div class=\"wpb_wrapper\">\n\t<div class=\"wpb_text_column wpb_content_element\" >\n\t\t<div class=\"wpb_wrapper\">\n\t\t\t<section class=\"vc_row wpb_row vc_row-fluid\"><\/section><div class=\"wpb_column vc_column_container vc_col-sm-12\"><div class=\"vc_column-inner\"><div class=\"wpb_wrapper\"><\/div><\/div><\/div>\n\t<div class=\"wpb_text_column wpb_content_element\" >\n\t\t<div class=\"wpb_wrapper\">\n\t\t\t\n\t\t<\/div>\n\t<\/div>\n<p><!-- \/wp:paragraph --><\/p>\n\n\t\t<\/div>\n\t<\/div>\n<\/div><\/div><\/div><\/section><\/div>","protected":false},"excerpt":{"rendered":"Lorsque le professeur Hendrix Fergusson conduit une exp\u00e9rience au CERN visant \u00e0 prouver l\u2019existence des univers parall\u00e8les, il ignore que celle-ci le projettera lui et une poign\u00e9e d\u2019autres personnes dans une r\u00e9alit\u00e9 diff\u00e9rente. Christine Nikoller, premi\u00e8re astronaute suisse \u00e0 aller sur la Station Internationale, est sur le point de revenir sur Terre apr\u00e8s un s\u00e9jour [...]","protected":false},"author":1,"featured_media":0,"parent":10491,"menu_order":0,"comment_status":"closed","ping_status":"closed","template":"","meta":{"footnotes":""},"_links":{"self":[{"href":"https:\/\/bellotafilms.fr\/fr_fr\/wp-json\/wp\/v2\/pages\/10508"}],"collection":[{"href":"https:\/\/bellotafilms.fr\/fr_fr\/wp-json\/wp\/v2\/pages"}],"about":[{"href":"https:\/\/bellotafilms.fr\/fr_fr\/wp-json\/wp\/v2\/types\/page"}],"author":[{"embeddable":true,"href":"https:\/\/bellotafilms.fr\/fr_fr\/wp-json\/wp\/v2\/users\/1"}],"replies":[{"embeddable":true,"href":"https:\/\/bellotafilms.fr\/fr_fr\/wp-json\/wp\/v2\/comments?post=10508"}],"version-history":[{"count":2,"href":"https:\/\/bellotafilms.fr\/fr_fr\/wp-json\/wp\/v2\/pages\/10508\/revisions"}],"predecessor-version":[{"id":10985,"href":"https:\/\/bellotafilms.fr\/fr_fr\/wp-json\/wp\/v2\/pages\/10508\/revisions\/10985"}],"up":[{"embeddable":true,"href":"https:\/\/bellotafilms.fr\/fr_fr\/wp-json\/wp\/v2\/pages\/10491"}],"wp:attachment":[{"href":"https:\/\/bellotafilms.fr\/fr_fr\/wp-json\/wp\/v2\/media?parent=10508"}],"curies":[{"name":"wp","href":"https:\/\/api.w.org\/{rel}","templated":true}]}}