{"id":4652,"date":"2020-04-28T17:13:56","date_gmt":"2020-04-28T15:13:56","guid":{"rendered":"http:\/\/bellotafilms.fr\/?page_id=4652"},"modified":"2025-11-24T17:11:43","modified_gmt":"2025-11-24T16:11:43","slug":"films-en-cours","status":"publish","type":"page","link":"https:\/\/bellotafilms.fr\/fr_fr\/films-en-cours\/","title":{"rendered":"FILMS EN COURS"},"content":{"rendered":"<div class=\"wpb-content-wrapper\"><section class=\"vc_row wpb_row vc_row-fluid\"><div class=\"wpb_column vc_column_container vc_col-sm-12\"><div class=\"vc_column-inner\"><div class=\"wpb_wrapper\"><style id=\"custom_css_filmmaker_clearfix_26618\">#filmmaker_clearfix_26618.clearfix { height:1rem;}@media (min-width: 576px){#filmmaker_clearfix_26618.clearfix { height:;}}@media (min-width: 768px){#filmmaker_clearfix_26618.clearfix { height:;}}@media (min-width: 992px){#filmmaker_clearfix_26618.clearfix { height:;}}@media (min-width: 1200px){#filmmaker_clearfix_26618.clearfix { height:;}}@media (min-width: 1640px){#filmmaker_clearfix_26618.clearfix { height:;}}<\/style><div id=\"filmmaker_clearfix_26618\" class=\"clearfix \"><\/div>\n<style id=\"custom_css_filmmaker_clearfix_37165\">#filmmaker_clearfix_37165.clearfix { height:1rem;}@media (min-width: 576px){#filmmaker_clearfix_37165.clearfix { height:;}}@media (min-width: 768px){#filmmaker_clearfix_37165.clearfix { height:;}}@media (min-width: 992px){#filmmaker_clearfix_37165.clearfix { height:;}}@media (min-width: 1200px){#filmmaker_clearfix_37165.clearfix { height:;}}@media (min-width: 1640px){#filmmaker_clearfix_37165.clearfix { height:;}}<\/style><div id=\"filmmaker_clearfix_37165\" class=\"clearfix \"><\/div>\n\r\n    <div class=\"fl-title wow fadeInDown\" data-wow-delay=\"0.3s\">\r\n                        <div class=\"fl-title-big bottom-title-big\" style=\"color:\">EN PRODUCTION<\/div>\r\n            <\/div><style id=\"custom_css_filmmaker_clearfix_23193\">#filmmaker_clearfix_23193.clearfix { height:1rem;}@media (min-width: 576px){#filmmaker_clearfix_23193.clearfix { height:;}}@media (min-width: 768px){#filmmaker_clearfix_23193.clearfix { height:;}}@media (min-width: 992px){#filmmaker_clearfix_23193.clearfix { height:;}}@media (min-width: 1200px){#filmmaker_clearfix_23193.clearfix { height:;}}@media (min-width: 1640px){#filmmaker_clearfix_23193.clearfix { height:;}}<\/style><div id=\"filmmaker_clearfix_23193\" class=\"clearfix \"><\/div>\n<style id=\"custom_css_filmmaker_clearfix_78911\">#filmmaker_clearfix_78911.clearfix { height:1rem;}@media (min-width: 576px){#filmmaker_clearfix_78911.clearfix { height:;}}@media (min-width: 768px){#filmmaker_clearfix_78911.clearfix { height:;}}@media (min-width: 992px){#filmmaker_clearfix_78911.clearfix { height:;}}@media (min-width: 1200px){#filmmaker_clearfix_78911.clearfix { height:;}}@media (min-width: 1640px){#filmmaker_clearfix_78911.clearfix { height:;}}<\/style><div id=\"filmmaker_clearfix_78911\" class=\"clearfix \"><\/div>\n<style>\r\n    .p-viewmore .more{\r\n        border: 1px solid  ;\r\n    }\r\n    .p-viewmore .more:hover{\r\n        background: ;\r\n    }\r\n    .p-viewmore .more:hover a, .p-viewmore .more:hover .fa{\r\n        color:  !important;\r\n    }\r\n    .fl-viewmore .more-white{\r\n        border: 1px solid  ;\r\n    }\r\n    .fl-viewmore:hover .more-white{\r\n        background:     }\r\n    .film-item .title-white:hover a, .film-item .title-bold-white:hover a, .p-category:hover a, .p-name:hover a{\r\n        color:  !important;\r\n    }\r\n<\/style>\r\n  <section class=\"product-item\">\r\n    <div class=\"container-fluid \">\r\n        <div class=\"fl-title fl-bottom\">\r\n\r\n                          \r\n                                 <\/div>\r\n                        <div class=\"list-flim row\">\r\n            <div class=\" col-lg-9 col-md-9 col-sm-9 col-xs-12\">\r\n        <div class=\"flim-item cus-item-4 cus-item-big\">\r\n            <img loading=\"lazy\" decoding=\"async\" width=\"960\" height=\"540\" src=\"https:\/\/bellotafilms.fr\/wp-content\/uploads\/2025\/04\/Portait-des-4-enfants-J-Tissot-960x540.jpg\" class=\"attachment-filmmaker_BE size-filmmaker_BE wp-post-image\" alt=\"\" srcset=\"https:\/\/bellotafilms.fr\/wp-content\/uploads\/2025\/04\/Portait-des-4-enfants-J-Tissot-960x540.jpg 960w, https:\/\/bellotafilms.fr\/wp-content\/uploads\/2025\/04\/Portait-des-4-enfants-J-Tissot-320x180.jpg 320w, https:\/\/bellotafilms.fr\/wp-content\/uploads\/2025\/04\/Portait-des-4-enfants-J-Tissot-1440x810.jpg 1440w\" sizes=\"(max-width: 960px) 100vw, 960px\" \/>            <div class=\"center centertxt \">\r\n                <div class=\"title-white wow fadeInUp\" data-wow-delay=\"0.4s\">\r\n                    <a href=\"https:\/\/bellotafilms.fr\/fr_fr\/film_category\/en-production\/\" title=\"EN PRODUCTION\">EN PRODUCTION                    <\/a>\r\n                <\/div>\r\n                <div class=\"title-bold-white fl-type1 wow fadeInUp\" data-wow-delay=\"0.5s\">\r\n                    <a href=\"https:\/\/bellotafilms.fr\/fr_fr\/film-detail\/la-poupee-noire-un-film-unitaire-de-louise-theurin-et-seumboy-vrainom\/\" title=\"LA POUP\u00c9E NOIRE\">\r\n                        LA POUP\u00c9E NOIRE                    <\/a>\r\n                <\/div>\r\n                <div class=\"white-desc wow fadeInUp\" data-wow-delay=\"0.6s\">\r\n                    Un tableau. Quatre enfants et deux poup\u00e9es, l\u2019une blanche, l\u2019autre noire. Le \u201cPortrait des quatre\u00a0enfants d\u2019Emile Gaillard\u201d a \u00e9t\u00e9 peint...                <\/div>\r\n                <div class=\"list-viewmore\">\r\n                     <span class=\"view-more\"><a href=\"https:\/\/bellotafilms.fr\/fr_fr\/film-detail\/la-poupee-noire-un-film-unitaire-de-louise-theurin-et-seumboy-vrainom\/\" title=\"LA POUP\u00c9E NOIRE\">\r\n                        view more                      <i class=\"fa fa-long-arrow-right\"><\/i><\/a><\/span>\r\n                <\/div>\r\n            <\/div>\r\n        <\/div>\r\n    <\/div>\r\n    <div class=\"col-lg-3 col-md-3 col-sm-3 col-xs-12\">\r\n                <div class=\"flim-item cus-item-4 cus-item-small\">\r\n            <img loading=\"lazy\" decoding=\"async\" width=\"320\" height=\"180\" src=\"https:\/\/bellotafilms.fr\/wp-content\/uploads\/2025\/04\/Fabrique-1-1-320x180.jpg\" class=\"attachment-filmmaker_SM size-filmmaker_SM wp-post-image\" alt=\"\" srcset=\"https:\/\/bellotafilms.fr\/wp-content\/uploads\/2025\/04\/Fabrique-1-1-320x180.jpg 320w, https:\/\/bellotafilms.fr\/wp-content\/uploads\/2025\/04\/Fabrique-1-1-768x429.jpg 768w, https:\/\/bellotafilms.fr\/wp-content\/uploads\/2025\/04\/Fabrique-1-1-1536x859.jpg 1536w, https:\/\/bellotafilms.fr\/wp-content\/uploads\/2025\/04\/Fabrique-1-1-18x10.jpg 18w, https:\/\/bellotafilms.fr\/wp-content\/uploads\/2025\/04\/Fabrique-1-1-960x540.jpg 960w, https:\/\/bellotafilms.fr\/wp-content\/uploads\/2025\/04\/Fabrique-1-1-1440x810.jpg 1440w, https:\/\/bellotafilms.fr\/wp-content\/uploads\/2025\/04\/Fabrique-1-1-565x316.jpg 565w, https:\/\/bellotafilms.fr\/wp-content\/uploads\/2025\/04\/Fabrique-1-1.jpg 1916w\" sizes=\"(max-width: 320px) 100vw, 320px\" \/>            <div class=\"center centertxt \">\r\n                <div class=\"title-white wow fadeInUp\" data-wow-delay=\"0.4s\">EN PRODUCTION<\/div>\r\n                <div class=\"title-bold-white fl-type2 wow fadeInUp\" data-wow-delay=\"0.5s\">\r\n                    <a href=\"https:\/\/bellotafilms.fr\/fr_fr\/film-detail\/la-fabrique-des-sorcieres-une-serie-digitale\/\" title=\"LA FABRIQUE DES SORCI\u00c8RES\">\r\n                        LA FABRIQUE DES SORCI\u00c8RES                    <\/a>\r\n                <\/div>\r\n            <\/div>\r\n        <\/div>\r\n\r\n                <div class=\"flim-item cus-item-4 cus-item-small\">\r\n            <img loading=\"lazy\" decoding=\"async\" width=\"320\" height=\"180\" src=\"https:\/\/bellotafilms.fr\/wp-content\/uploads\/2024\/10\/collier-bizmoune-320x180.png\" class=\"attachment-filmmaker_SM size-filmmaker_SM wp-post-image\" alt=\"\" srcset=\"https:\/\/bellotafilms.fr\/wp-content\/uploads\/2024\/10\/collier-bizmoune-320x180.png 320w, https:\/\/bellotafilms.fr\/wp-content\/uploads\/2024\/10\/collier-bizmoune-768x432.png 768w, https:\/\/bellotafilms.fr\/wp-content\/uploads\/2024\/10\/collier-bizmoune-1536x864.png 1536w, https:\/\/bellotafilms.fr\/wp-content\/uploads\/2024\/10\/collier-bizmoune-18x10.png 18w, https:\/\/bellotafilms.fr\/wp-content\/uploads\/2024\/10\/collier-bizmoune-960x540.png 960w, https:\/\/bellotafilms.fr\/wp-content\/uploads\/2024\/10\/collier-bizmoune-1440x810.png 1440w, https:\/\/bellotafilms.fr\/wp-content\/uploads\/2024\/10\/collier-bizmoune-565x316.png 565w, https:\/\/bellotafilms.fr\/wp-content\/uploads\/2024\/10\/collier-bizmoune.png 1920w\" sizes=\"(max-width: 320px) 100vw, 320px\" \/>            <div class=\"center centertxt \">\r\n                <div class=\"title-white wow fadeInUp\" data-wow-delay=\"0.4s\">EN PRODUCTION<\/div>\r\n                <div class=\"title-bold-white fl-type2 wow fadeInUp\" data-wow-delay=\"0.5s\">\r\n                    <a href=\"https:\/\/bellotafilms.fr\/fr_fr\/film-detail\/la-grande-histoire-des-premiers-bijoux-de-lhumanite\/\" title=\"LA GRANDE HISTOIRE DES PREMIERS BIJOUX DE L&rsquo;HUMANIT\u00c9\">\r\n                        LA GRANDE HISTOIRE DES PREMIERS BIJOUX DE L&rsquo;HUMANIT\u00c9                    <\/a>\r\n                <\/div>\r\n            <\/div>\r\n        <\/div>\r\n\r\n                <div class=\"flim-item cus-item-4 cus-item-small\">\r\n            <img loading=\"lazy\" decoding=\"async\" width=\"320\" height=\"180\" src=\"https:\/\/bellotafilms.fr\/wp-content\/uploads\/2025\/05\/Samir-avec-parents-et-Anissa-320x180.jpg\" class=\"attachment-filmmaker_SM size-filmmaker_SM wp-post-image\" alt=\"\" srcset=\"https:\/\/bellotafilms.fr\/wp-content\/uploads\/2025\/05\/Samir-avec-parents-et-Anissa-320x180.jpg 320w, https:\/\/bellotafilms.fr\/wp-content\/uploads\/2025\/05\/Samir-avec-parents-et-Anissa-960x540.jpg 960w, https:\/\/bellotafilms.fr\/wp-content\/uploads\/2025\/05\/Samir-avec-parents-et-Anissa-1440x810.jpg 1440w, https:\/\/bellotafilms.fr\/wp-content\/uploads\/2025\/05\/Samir-avec-parents-et-Anissa-565x316.jpg 565w\" sizes=\"(max-width: 320px) 100vw, 320px\" \/>            <div class=\"center centertxt \">\r\n                <div class=\"title-white wow fadeInUp\" data-wow-delay=\"0.4s\">EN PRODUCTION<\/div>\r\n                <div class=\"title-bold-white fl-type2 wow fadeInUp\" data-wow-delay=\"0.5s\">\r\n                    <a href=\"https:\/\/bellotafilms.fr\/fr_fr\/film-detail\/autour-de-samir\/\" title=\"AUTOUR DE SAMIR\">\r\n                        AUTOUR DE SAMIR                    <\/a>\r\n                <\/div>\r\n            <\/div>\r\n        <\/div>\r\n\r\n        <\/div>\r\n<\/div>\r\n    <div class=\"col-lg-3 col-lg-offset-9 col-xs-12\">\r\n       <div class=\"type4-viewmore\">\r\n            <span class=\"more\">\r\n                <a href=\"https:\/\/bellotafilms.fr\/10491-2\/\" title=\"Nos projets\">\r\n                    Nos projets                    <i class=\"fa fa-long-arrow-right\"><\/i>\r\n                <\/a>\r\n            <\/span>\r\n        <\/div>\r\n    <\/div>\r\n<div class=\"clearfix\"><\/div>    <\/div>\r\n<\/section><\/div><\/div><\/div><\/section><section class=\"vc_row wpb_row vc_row-fluid\"><div class=\"wpb_column vc_column_container vc_col-sm-12\"><div class=\"vc_column-inner\"><div class=\"wpb_wrapper\"><style id=\"custom_css_filmmaker_clearfix_52192\">#filmmaker_clearfix_52192.clearfix { height:1rem;}@media (min-width: 576px){#filmmaker_clearfix_52192.clearfix { height:;}}@media (min-width: 768px){#filmmaker_clearfix_52192.clearfix { height:;}}@media (min-width: 992px){#filmmaker_clearfix_52192.clearfix { height:;}}@media (min-width: 1200px){#filmmaker_clearfix_52192.clearfix { height:;}}@media (min-width: 1640px){#filmmaker_clearfix_52192.clearfix { height:;}}<\/style><div id=\"filmmaker_clearfix_52192\" class=\"clearfix \"><\/div>\n<\/div><\/div><\/div><\/section><section class=\"vc_row wpb_row vc_row-fluid\"><div class=\"wpb_column vc_column_container vc_col-sm-12\"><div class=\"vc_column-inner\"><div class=\"wpb_wrapper\"><style id=\"custom_css_filmmaker_clearfix_90308\">#filmmaker_clearfix_90308.clearfix { height:1rem;}@media (min-width: 576px){#filmmaker_clearfix_90308.clearfix { height:;}}@media (min-width: 768px){#filmmaker_clearfix_90308.clearfix { height:;}}@media (min-width: 992px){#filmmaker_clearfix_90308.clearfix { height:;}}@media (min-width: 1200px){#filmmaker_clearfix_90308.clearfix { height:;}}@media (min-width: 1640px){#filmmaker_clearfix_90308.clearfix { height:;}}<\/style><div id=\"filmmaker_clearfix_90308\" class=\"clearfix \"><\/div>\n<style id=\"custom_css_filmmaker_clearfix_37784\">#filmmaker_clearfix_37784.clearfix { height:1rem;}@media (min-width: 576px){#filmmaker_clearfix_37784.clearfix { height:;}}@media (min-width: 768px){#filmmaker_clearfix_37784.clearfix { height:;}}@media (min-width: 992px){#filmmaker_clearfix_37784.clearfix { height:;}}@media (min-width: 1200px){#filmmaker_clearfix_37784.clearfix { height:;}}@media (min-width: 1640px){#filmmaker_clearfix_37784.clearfix { height:;}}<\/style><div id=\"filmmaker_clearfix_37784\" class=\"clearfix \"><\/div>\n<\/div><\/div><\/div><\/section><section class=\"vc_row wpb_row vc_row-fluid\"><div class=\"wpb_column vc_column_container vc_col-sm-12\"><div class=\"vc_column-inner\"><div class=\"wpb_wrapper\"><style id=\"custom_css_filmmaker_clearfix_39808\">#filmmaker_clearfix_39808.clearfix { height:1rem;}@media (min-width: 576px){#filmmaker_clearfix_39808.clearfix { height:;}}@media (min-width: 768px){#filmmaker_clearfix_39808.clearfix { height:;}}@media (min-width: 992px){#filmmaker_clearfix_39808.clearfix { height:;}}@media (min-width: 1200px){#filmmaker_clearfix_39808.clearfix { height:;}}@media (min-width: 1640px){#filmmaker_clearfix_39808.clearfix { height:;}}<\/style><div id=\"filmmaker_clearfix_39808\" class=\"clearfix \"><\/div>\n<style id=\"custom_css_filmmaker_clearfix_52454\">#filmmaker_clearfix_52454.clearfix { height:1rem;}@media (min-width: 576px){#filmmaker_clearfix_52454.clearfix { height:;}}@media (min-width: 768px){#filmmaker_clearfix_52454.clearfix { height:;}}@media (min-width: 992px){#filmmaker_clearfix_52454.clearfix { height:;}}@media (min-width: 1200px){#filmmaker_clearfix_52454.clearfix { height:;}}@media (min-width: 1640px){#filmmaker_clearfix_52454.clearfix { height:;}}<\/style><div id=\"filmmaker_clearfix_52454\" class=\"clearfix \"><\/div>\n\r\n    <div class=\"fl-title wow fadeInDown\" data-wow-delay=\"0.3s\">\r\n                        <div class=\"fl-title-big bottom-title-big\" style=\"color:\">EN D\u00c9VELOPPEMENT<\/div>\r\n            <\/div><style id=\"custom_css_filmmaker_clearfix_77449\">#filmmaker_clearfix_77449.clearfix { height:1rem;}@media (min-width: 576px){#filmmaker_clearfix_77449.clearfix { height:;}}@media (min-width: 768px){#filmmaker_clearfix_77449.clearfix { height:;}}@media (min-width: 992px){#filmmaker_clearfix_77449.clearfix { height:;}}@media (min-width: 1200px){#filmmaker_clearfix_77449.clearfix { height:;}}@media (min-width: 1640px){#filmmaker_clearfix_77449.clearfix { height:;}}<\/style><div id=\"filmmaker_clearfix_77449\" class=\"clearfix \"><\/div>\n<style id=\"custom_css_filmmaker_clearfix_6381\">#filmmaker_clearfix_6381.clearfix { height:1rem;}@media (min-width: 576px){#filmmaker_clearfix_6381.clearfix { height:;}}@media (min-width: 768px){#filmmaker_clearfix_6381.clearfix { height:;}}@media (min-width: 992px){#filmmaker_clearfix_6381.clearfix { height:;}}@media (min-width: 1200px){#filmmaker_clearfix_6381.clearfix { height:;}}@media (min-width: 1640px){#filmmaker_clearfix_6381.clearfix { height:;}}<\/style><div id=\"filmmaker_clearfix_6381\" class=\"clearfix \"><\/div>\n<style>\r\n    .p-viewmore .more{\r\n        border: 1px solid  ;\r\n    }\r\n    .p-viewmore .more:hover{\r\n        background: ;\r\n    }\r\n    .p-viewmore .more:hover a, .p-viewmore .more:hover .fa{\r\n        color:  !important;\r\n    }\r\n    .fl-viewmore .more-white{\r\n        border: 1px solid  ;\r\n    }\r\n    .fl-viewmore:hover .more-white{\r\n        background:     }\r\n    .film-item .title-white:hover a, .film-item .title-bold-white:hover a, .p-category:hover a, .p-name:hover a{\r\n        color:  !important;\r\n    }\r\n<\/style>\r\n  <section class=\"product-item\">\r\n    <div class=\"container-fluid \">\r\n        <div class=\"fl-title fl-bottom\">\r\n\r\n                          \r\n                                 <\/div>\r\n                        <div class=\"list-flim row\">\r\n            <div class=\" col-lg-9 col-md-9 col-sm-9 col-xs-12\">\r\n        <div class=\"flim-item cus-item-4 cus-item-big\">\r\n            <img loading=\"lazy\" decoding=\"async\" width=\"960\" height=\"540\" src=\"https:\/\/bellotafilms.fr\/wp-content\/uploads\/2025\/11\/1200x680_radioassifa-960x540.webp\" class=\"attachment-filmmaker_BE size-filmmaker_BE wp-post-image\" alt=\"\" srcset=\"https:\/\/bellotafilms.fr\/wp-content\/uploads\/2025\/11\/1200x680_radioassifa-960x540.webp 960w, https:\/\/bellotafilms.fr\/wp-content\/uploads\/2025\/11\/1200x680_radioassifa-18x10.webp 18w, https:\/\/bellotafilms.fr\/wp-content\/uploads\/2025\/11\/1200x680_radioassifa-320x180.webp 320w\" sizes=\"(max-width: 960px) 100vw, 960px\" \/>            <div class=\"center centertxt \">\r\n                <div class=\"title-white wow fadeInUp\" data-wow-delay=\"0.4s\">\r\n                    <a href=\"https:\/\/bellotafilms.fr\/fr_fr\/film_category\/en-developpement\/\" title=\"EN D\u00c9VELOPPEMENT\">EN D\u00c9VELOPPEMENT                    <\/a>\r\n                <\/div>\r\n                <div class=\"title-bold-white fl-type1 wow fadeInUp\" data-wow-delay=\"0.5s\">\r\n                    <a href=\"https:\/\/bellotafilms.fr\/fr_fr\/film-detail\/barbes-blues\/\" title=\"BARB\u00c8S BLUES\">\r\n                        BARB\u00c8S BLUES                    <\/a>\r\n                <\/div>\r\n                <div class=\"white-desc wow fadeInUp\" data-wow-delay=\"0.6s\">\r\n                    De 1949 \u00e0 1983, la musique accompagne les vies arabes de Paris. Barb\u00e8s Blues est un voyage musical et historique,...                <\/div>\r\n                <div class=\"list-viewmore\">\r\n                     <span class=\"view-more\"><a href=\"https:\/\/bellotafilms.fr\/fr_fr\/film-detail\/barbes-blues\/\" title=\"BARB\u00c8S BLUES\">\r\n                        view more                      <i class=\"fa fa-long-arrow-right\"><\/i><\/a><\/span>\r\n                <\/div>\r\n            <\/div>\r\n        <\/div>\r\n    <\/div>\r\n    <div class=\"col-lg-3 col-md-3 col-sm-3 col-xs-12\">\r\n                <div class=\"flim-item cus-item-4 cus-item-small\">\r\n            <img loading=\"lazy\" decoding=\"async\" width=\"320\" height=\"180\" src=\"https:\/\/bellotafilms.fr\/wp-content\/uploads\/2025\/11\/v4.00_03_11_14.Still006-320x180.png\" class=\"attachment-filmmaker_SM size-filmmaker_SM wp-post-image\" alt=\"\" srcset=\"https:\/\/bellotafilms.fr\/wp-content\/uploads\/2025\/11\/v4.00_03_11_14.Still006-320x180.png 320w, https:\/\/bellotafilms.fr\/wp-content\/uploads\/2025\/11\/v4.00_03_11_14.Still006-768x432.png 768w, https:\/\/bellotafilms.fr\/wp-content\/uploads\/2025\/11\/v4.00_03_11_14.Still006-1536x864.png 1536w, https:\/\/bellotafilms.fr\/wp-content\/uploads\/2025\/11\/v4.00_03_11_14.Still006-18x10.png 18w, https:\/\/bellotafilms.fr\/wp-content\/uploads\/2025\/11\/v4.00_03_11_14.Still006-960x540.png 960w, https:\/\/bellotafilms.fr\/wp-content\/uploads\/2025\/11\/v4.00_03_11_14.Still006-1440x810.png 1440w, https:\/\/bellotafilms.fr\/wp-content\/uploads\/2025\/11\/v4.00_03_11_14.Still006-565x316.png 565w, https:\/\/bellotafilms.fr\/wp-content\/uploads\/2025\/11\/v4.00_03_11_14.Still006.png 1920w\" sizes=\"(max-width: 320px) 100vw, 320px\" \/>            <div class=\"center centertxt \">\r\n                <div class=\"title-white wow fadeInUp\" data-wow-delay=\"0.4s\">EN D\u00c9VELOPPEMENT<\/div>\r\n                <div class=\"title-bold-white fl-type2 wow fadeInUp\" data-wow-delay=\"0.5s\">\r\n                    <a href=\"https:\/\/bellotafilms.fr\/fr_fr\/film-detail\/send-nudes\/\" title=\"SEND NUDES\">\r\n                        SEND NUDES                    <\/a>\r\n                <\/div>\r\n            <\/div>\r\n        <\/div>\r\n\r\n                <div class=\"flim-item cus-item-4 cus-item-small\">\r\n            <img loading=\"lazy\" decoding=\"async\" width=\"320\" height=\"180\" src=\"https:\/\/bellotafilms.fr\/wp-content\/uploads\/2024\/10\/2024-06-14-Spectacle-Guillaume-Meurice.03-320x180.png\" class=\"attachment-filmmaker_SM size-filmmaker_SM wp-post-image\" alt=\"\" srcset=\"https:\/\/bellotafilms.fr\/wp-content\/uploads\/2024\/10\/2024-06-14-Spectacle-Guillaume-Meurice.03-320x180.png 320w, https:\/\/bellotafilms.fr\/wp-content\/uploads\/2024\/10\/2024-06-14-Spectacle-Guillaume-Meurice.03-768x432.png 768w, https:\/\/bellotafilms.fr\/wp-content\/uploads\/2024\/10\/2024-06-14-Spectacle-Guillaume-Meurice.03-1536x864.png 1536w, https:\/\/bellotafilms.fr\/wp-content\/uploads\/2024\/10\/2024-06-14-Spectacle-Guillaume-Meurice.03-18x10.png 18w, https:\/\/bellotafilms.fr\/wp-content\/uploads\/2024\/10\/2024-06-14-Spectacle-Guillaume-Meurice.03-960x540.png 960w, https:\/\/bellotafilms.fr\/wp-content\/uploads\/2024\/10\/2024-06-14-Spectacle-Guillaume-Meurice.03-1440x810.png 1440w, https:\/\/bellotafilms.fr\/wp-content\/uploads\/2024\/10\/2024-06-14-Spectacle-Guillaume-Meurice.03-565x316.png 565w, https:\/\/bellotafilms.fr\/wp-content\/uploads\/2024\/10\/2024-06-14-Spectacle-Guillaume-Meurice.03.png 1920w\" sizes=\"(max-width: 320px) 100vw, 320px\" \/>            <div class=\"center centertxt \">\r\n                <div class=\"title-white wow fadeInUp\" data-wow-delay=\"0.4s\">EN D\u00c9VELOPPEMENT<\/div>\r\n                <div class=\"title-bold-white fl-type2 wow fadeInUp\" data-wow-delay=\"0.5s\">\r\n                    <a href=\"https:\/\/bellotafilms.fr\/fr_fr\/film-detail\/les-mots-pour-le-rire\/\" title=\"LES MOTS POUR LE RIRE\">\r\n                        LES MOTS POUR LE RIRE                    <\/a>\r\n                <\/div>\r\n            <\/div>\r\n        <\/div>\r\n\r\n                <div class=\"flim-item cus-item-4 cus-item-small\">\r\n            <img loading=\"lazy\" decoding=\"async\" width=\"320\" height=\"180\" src=\"https:\/\/bellotafilms.fr\/wp-content\/uploads\/2025\/11\/Capture-decran-2025-06-12-a-15.23.58-320x180.png\" class=\"attachment-filmmaker_SM size-filmmaker_SM wp-post-image\" alt=\"\" srcset=\"https:\/\/bellotafilms.fr\/wp-content\/uploads\/2025\/11\/Capture-decran-2025-06-12-a-15.23.58-320x180.png 320w, https:\/\/bellotafilms.fr\/wp-content\/uploads\/2025\/11\/Capture-decran-2025-06-12-a-15.23.58-565x316.png 565w\" sizes=\"(max-width: 320px) 100vw, 320px\" \/>            <div class=\"center centertxt \">\r\n                <div class=\"title-white wow fadeInUp\" data-wow-delay=\"0.4s\">EN D\u00c9VELOPPEMENT<\/div>\r\n                <div class=\"title-bold-white fl-type2 wow fadeInUp\" data-wow-delay=\"0.5s\">\r\n                    <a href=\"https:\/\/bellotafilms.fr\/fr_fr\/film-detail\/les-merveilles-naturelles-de-la-chine\/\" title=\"LE GOUFFRE DE HANZHONG \/ LES MERVEILLES DE LA CHINE\">\r\n                        LE GOUFFRE DE HANZHONG \/ LES MERVEILLES DE LA CHINE                    <\/a>\r\n                <\/div>\r\n            <\/div>\r\n        <\/div>\r\n\r\n        <\/div>\r\n<\/div>\r\n    <div class=\"col-lg-3 col-lg-offset-9 col-xs-12\">\r\n       <div class=\"type4-viewmore\">\r\n            <span class=\"more\">\r\n                <a href=\"https:\/\/bellotafilms.fr\/film_category\/en-developpement\/\" title=\"Nos projets\">\r\n                    Nos projets                    <i class=\"fa fa-long-arrow-right\"><\/i>\r\n                <\/a>\r\n            <\/span>\r\n        <\/div>\r\n    <\/div>\r\n<div class=\"clearfix\"><\/div>    <\/div>\r\n<\/section><\/div><\/div><\/div><\/section>\n<\/div>","protected":false},"excerpt":{"rendered":"En suivant le lit de la rivi\u00e8re Han, jusqu'\u00e0 sa source, puis au c\u0153ur des for\u00eats vierges du Shaanxi, nous d\u00e9couvrons le gouffre g\u00e9ant de Hanzhong. Une exp\u00e9dition internationale nous r\u00e9v\u00e8le un monde souterrain inconnu, o\u00f9 se m\u00ealent fossiles pr\u00e9historiques, esp\u00e8ces relictuelles et archives du climat, dans une qu\u00eate naturaliste vertigineuse pour percer les secrets [...]","protected":false},"author":1,"featured_media":0,"parent":0,"menu_order":0,"comment_status":"closed","ping_status":"closed","template":"","meta":{"footnotes":""},"_links":{"self":[{"href":"https:\/\/bellotafilms.fr\/fr_fr\/wp-json\/wp\/v2\/pages\/4652"}],"collection":[{"href":"https:\/\/bellotafilms.fr\/fr_fr\/wp-json\/wp\/v2\/pages"}],"about":[{"href":"https:\/\/bellotafilms.fr\/fr_fr\/wp-json\/wp\/v2\/types\/page"}],"author":[{"embeddable":true,"href":"https:\/\/bellotafilms.fr\/fr_fr\/wp-json\/wp\/v2\/users\/1"}],"replies":[{"embeddable":true,"href":"https:\/\/bellotafilms.fr\/fr_fr\/wp-json\/wp\/v2\/comments?post=4652"}],"version-history":[{"count":6,"href":"https:\/\/bellotafilms.fr\/fr_fr\/wp-json\/wp\/v2\/pages\/4652\/revisions"}],"predecessor-version":[{"id":10997,"href":"https:\/\/bellotafilms.fr\/fr_fr\/wp-json\/wp\/v2\/pages\/4652\/revisions\/10997"}],"wp:attachment":[{"href":"https:\/\/bellotafilms.fr\/fr_fr\/wp-json\/wp\/v2\/media?parent=4652"}],"curies":[{"name":"wp","href":"https:\/\/api.w.org\/{rel}","templated":true}]}}