{"id":6002,"date":"2022-01-27T11:41:20","date_gmt":"2022-01-27T10:41:20","guid":{"rendered":"https:\/\/bellotafilms.fr\/?page_id=6002"},"modified":"2023-01-09T15:06:26","modified_gmt":"2023-01-09T14:06:26","slug":"catalogue-fiction","status":"publish","type":"page","link":"https:\/\/bellotafilms.fr\/fr_fr\/catalogue-fiction\/","title":{"rendered":""},"content":{"rendered":"<div class=\"wpb-content-wrapper\"><section class=\"vc_row wpb_row vc_row-fluid\"><div class=\"wpb_column vc_column_container vc_col-sm-12\"><div class=\"vc_column-inner\"><div class=\"wpb_wrapper\">\r\n    <div class=\"fl-title wow fadeInDown\" data-wow-delay=\"0.3s\">\r\n                        <div class=\"fl-title-big bottom-title-big\" style=\"color:\">FICTIONS<\/div>\r\n            <\/div><style id=\"custom_css_filmmaker_clearfix_19157\">#filmmaker_clearfix_19157.clearfix { height:1rem;}@media (min-width: 576px){#filmmaker_clearfix_19157.clearfix { height:600;}}@media (min-width: 768px){#filmmaker_clearfix_19157.clearfix { height:;}}@media (min-width: 992px){#filmmaker_clearfix_19157.clearfix { height:;}}@media (min-width: 1200px){#filmmaker_clearfix_19157.clearfix { height:;}}@media (min-width: 1640px){#filmmaker_clearfix_19157.clearfix { height:;}}<\/style><div id=\"filmmaker_clearfix_19157\" class=\"clearfix  vc_custom_1643297337442\"><\/div>\n<\/div><\/div><\/div><div class=\"wpb_column vc_column_container vc_col-sm-12\"><div class=\"vc_column-inner\"><div class=\"wpb_wrapper\"><style id=\"custom_css_filmmaker_clearfix_64454\">#filmmaker_clearfix_64454.clearfix { height:500;}@media (min-width: 576px){#filmmaker_clearfix_64454.clearfix { height:;}}@media (min-width: 768px){#filmmaker_clearfix_64454.clearfix { height:;}}@media (min-width: 992px){#filmmaker_clearfix_64454.clearfix { height:;}}@media (min-width: 1200px){#filmmaker_clearfix_64454.clearfix { height:;}}@media (min-width: 1640px){#filmmaker_clearfix_64454.clearfix { height:;}}<\/style><div id=\"filmmaker_clearfix_64454\" class=\"clearfix \"><\/div>\n<style id=\"custom_css_filmmaker_clearfix_13170\">#filmmaker_clearfix_13170.clearfix { height:1rem;}@media (min-width: 576px){#filmmaker_clearfix_13170.clearfix { height:;}}@media (min-width: 768px){#filmmaker_clearfix_13170.clearfix { height:;}}@media (min-width: 992px){#filmmaker_clearfix_13170.clearfix { height:1500;}}@media (min-width: 1200px){#filmmaker_clearfix_13170.clearfix { height:;}}@media (min-width: 1640px){#filmmaker_clearfix_13170.clearfix { height:;}}<\/style><div id=\"filmmaker_clearfix_13170\" class=\"clearfix \"><\/div>\n<style id=\"custom_css_filmmaker_clearfix_97537\">#filmmaker_clearfix_97537.clearfix { height:1rem;}@media (min-width: 576px){#filmmaker_clearfix_97537.clearfix { height:;}}@media (min-width: 768px){#filmmaker_clearfix_97537.clearfix { height:;}}@media (min-width: 992px){#filmmaker_clearfix_97537.clearfix { height:1500;}}@media (min-width: 1200px){#filmmaker_clearfix_97537.clearfix { height:;}}@media (min-width: 1640px){#filmmaker_clearfix_97537.clearfix { height:;}}<\/style><div id=\"filmmaker_clearfix_97537\" class=\"clearfix \"><\/div>\n<\/div><\/div><\/div><\/section><section data-vc-full-width=\"true\" data-vc-full-width-init=\"false\" data-vc-stretch-content=\"true\" class=\"vc_row wpb_row vc_row-fluid\"><div class=\"wpb_column vc_column_container vc_col-sm-12\"><div class=\"vc_column-inner\"><div class=\"wpb_wrapper\"><style>\r\n    .p-viewmore .more{\r\n        border: 1px solid  ;\r\n    }\r\n    .p-viewmore .more:hover{\r\n        background: ;\r\n    }\r\n    .p-viewmore .more:hover a, .p-viewmore .more:hover .fa{\r\n        color:  !important;\r\n    }\r\n    .fl-viewmore .more-white{\r\n        border: 1px solid  ;\r\n    }\r\n    .fl-viewmore:hover .more-white{\r\n        background:     }\r\n    .film-item .title-white:hover a, .film-item .title-bold-white:hover a, .p-category:hover a, .p-name:hover a{\r\n        color:  !important;\r\n    }\r\n<\/style>\r\n  <section class=\"product-item\">\r\n    <div class=\"container-fluid \">\r\n        <div class=\"fl-title fl-bottom\">\r\n\r\n                          \r\n                                 <\/div>\r\n                        <div class=\"list-flim row\">\r\n            <div class=\" col-lg-9 col-md-9 col-sm-9 col-xs-12\">\r\n        <div class=\"flim-item cus-item-4 cus-item-big\">\r\n            <img loading=\"lazy\" decoding=\"async\" width=\"960\" height=\"540\" src=\"https:\/\/bellotafilms.fr\/wp-content\/uploads\/2022\/07\/Capture-de\u0301cran-2022-07-12-a\u0300-11.47.00-960x540.png\" class=\"attachment-filmmaker_BE size-filmmaker_BE wp-post-image\" alt=\"\" srcset=\"https:\/\/bellotafilms.fr\/wp-content\/uploads\/2022\/07\/Capture-de\u0301cran-2022-07-12-a\u0300-11.47.00-960x540.png 960w, https:\/\/bellotafilms.fr\/wp-content\/uploads\/2022\/07\/Capture-de\u0301cran-2022-07-12-a\u0300-11.47.00-320x180.png 320w\" sizes=\"(max-width: 960px) 100vw, 960px\" \/>            <div class=\"center centertxt \">\r\n                <div class=\"title-white wow fadeInUp\" data-wow-delay=\"0.4s\">\r\n                    <a href=\"https:\/\/bellotafilms.fr\/fr_fr\/film_category\/long-metrage\/\" title=\"LONG METRAGE\">LONG METRAGE                    <\/a>\r\n                <\/div>\r\n                <div class=\"title-bold-white fl-type1 wow fadeInUp\" data-wow-delay=\"0.5s\">\r\n                    <a href=\"https:\/\/bellotafilms.fr\/fr_fr\/film-detail\/maestro\/\" title=\"EL SUPLENTE\">\r\n                        EL SUPLENTE                    <\/a>\r\n                <\/div>\r\n                <div class=\"white-desc wow fadeInUp\" data-wow-delay=\"0.6s\">\r\n                    Lucio est professeur de lettres \u00e0 la prestigieuse Universit\u00e9 de Buenos Aires. Cependant, la vie acad\u00e9mique ne l\u2019int\u00e9resse plus :...                <\/div>\r\n                <div class=\"list-viewmore\">\r\n                     <span class=\"view-more\"><a href=\"https:\/\/bellotafilms.fr\/fr_fr\/film-detail\/maestro\/\" title=\"EL SUPLENTE\">\r\n                        view more                      <i class=\"fa fa-long-arrow-right\"><\/i><\/a><\/span>\r\n                <\/div>\r\n            <\/div>\r\n        <\/div>\r\n    <\/div>\r\n    <div class=\"col-lg-3 col-md-3 col-sm-3 col-xs-12\">\r\n                <div class=\"flim-item cus-item-4 cus-item-small\">\r\n            <img loading=\"lazy\" decoding=\"async\" width=\"320\" height=\"180\" src=\"https:\/\/bellotafilms.fr\/wp-content\/uploads\/2019\/11\/laura-matias-320x180.jpg\" class=\"attachment-filmmaker_SM size-filmmaker_SM wp-post-image\" alt=\"\" srcset=\"https:\/\/bellotafilms.fr\/wp-content\/uploads\/2019\/11\/laura-matias-320x180.jpg 320w, https:\/\/bellotafilms.fr\/wp-content\/uploads\/2019\/11\/laura-matias-960x540.jpg 960w, https:\/\/bellotafilms.fr\/wp-content\/uploads\/2019\/11\/laura-matias-1440x810.jpg 1440w, https:\/\/bellotafilms.fr\/wp-content\/uploads\/2019\/11\/laura-matias-565x316.jpg 565w\" sizes=\"(max-width: 320px) 100vw, 320px\" \/>            <div class=\"center centertxt \">\r\n                <div class=\"title-white wow fadeInUp\" data-wow-delay=\"0.4s\">LONG METRAGE<\/div>\r\n                <div class=\"title-bold-white fl-type2 wow fadeInUp\" data-wow-delay=\"0.5s\">\r\n                    <a href=\"https:\/\/bellotafilms.fr\/fr_fr\/film-detail\/refugiado\/\" title=\"REFUGIADO\">\r\n                        REFUGIADO                    <\/a>\r\n                <\/div>\r\n            <\/div>\r\n        <\/div>\r\n\r\n                <div class=\"flim-item cus-item-4 cus-item-small\">\r\n            <img loading=\"lazy\" decoding=\"async\" width=\"320\" height=\"180\" src=\"https:\/\/bellotafilms.fr\/wp-content\/uploads\/2015\/12\/dsc2368-320x180.jpg\" class=\"attachment-filmmaker_SM size-filmmaker_SM wp-post-image\" alt=\"\" srcset=\"https:\/\/bellotafilms.fr\/wp-content\/uploads\/2015\/12\/dsc2368-320x180.jpg 320w, https:\/\/bellotafilms.fr\/wp-content\/uploads\/2015\/12\/dsc2368-960x540.jpg 960w, https:\/\/bellotafilms.fr\/wp-content\/uploads\/2015\/12\/dsc2368-1440x810.jpg 1440w, https:\/\/bellotafilms.fr\/wp-content\/uploads\/2015\/12\/dsc2368-565x316.jpg 565w\" sizes=\"(max-width: 320px) 100vw, 320px\" \/>            <div class=\"center centertxt \">\r\n                <div class=\"title-white wow fadeInUp\" data-wow-delay=\"0.4s\">LONG METRAGE<\/div>\r\n                <div class=\"title-bold-white fl-type2 wow fadeInUp\" data-wow-delay=\"0.5s\">\r\n                    <a href=\"https:\/\/bellotafilms.fr\/fr_fr\/film-detail\/notre-enfant\/\" title=\"NOTRE ENFANT\">\r\n                        NOTRE ENFANT                    <\/a>\r\n                <\/div>\r\n            <\/div>\r\n        <\/div>\r\n\r\n        <\/div>\r\n<\/div>\r\n<div class=\"clearfix\"><\/div>    <\/div>\r\n<\/section><\/div><\/div><\/div><\/section><div class=\"vc_row-full-width\"><\/div>\n<\/div>","protected":false},"excerpt":{"rendered":"Dans une soci\u00e9t\u00e9 divis\u00e9e par les in\u00e9galit\u00e9s, le sort d'un nouveau-n\u00e9 devient un enjeu et son avenir donne lieu \u00e0 un v\u00e9ritable dilemme. Le film adopte le point de vue de sa protagoniste, Malena, m\u00e9decin de la bourgeoisie de Buenos Aires qui cherche \u00e0 adopter le nourrisson. Mais si les circonstances semblent simples \u00e0 premi\u00e8re [...]","protected":false},"author":1,"featured_media":0,"parent":0,"menu_order":0,"comment_status":"closed","ping_status":"closed","template":"","meta":{"footnotes":""},"_links":{"self":[{"href":"https:\/\/bellotafilms.fr\/fr_fr\/wp-json\/wp\/v2\/pages\/6002"}],"collection":[{"href":"https:\/\/bellotafilms.fr\/fr_fr\/wp-json\/wp\/v2\/pages"}],"about":[{"href":"https:\/\/bellotafilms.fr\/fr_fr\/wp-json\/wp\/v2\/types\/page"}],"author":[{"embeddable":true,"href":"https:\/\/bellotafilms.fr\/fr_fr\/wp-json\/wp\/v2\/users\/1"}],"replies":[{"embeddable":true,"href":"https:\/\/bellotafilms.fr\/fr_fr\/wp-json\/wp\/v2\/comments?post=6002"}],"version-history":[{"count":0,"href":"https:\/\/bellotafilms.fr\/fr_fr\/wp-json\/wp\/v2\/pages\/6002\/revisions"}],"wp:attachment":[{"href":"https:\/\/bellotafilms.fr\/fr_fr\/wp-json\/wp\/v2\/media?parent=6002"}],"curies":[{"name":"wp","href":"https:\/\/api.w.org\/{rel}","templated":true}]}}