{"id":778,"date":"2015-12-17T03:04:22","date_gmt":"2015-12-17T03:04:22","guid":{"rendered":"http:\/\/filmmaker.beautheme.com\/?page_id=778"},"modified":"2022-03-01T12:18:22","modified_gmt":"2022-03-01T11:18:22","slug":"equipe","status":"publish","type":"page","link":"https:\/\/bellotafilms.fr\/fr_fr\/equipe\/","title":{"rendered":"Dream Team"},"content":{"rendered":"<div class=\"wpb-content-wrapper\"><section class=\"vc_row wpb_row vc_row-fluid vc_custom_1452573488683\"><div class=\"wpb_column vc_column_container vc_col-sm-12\"><div class=\"vc_column-inner\"><div class=\"wpb_wrapper\">\r\n    <div class=\"fl-title wow fadeInDown\" data-wow-delay=\"0.3s\">\r\n                    <div class=\"fl-title-small\" style=\"color:\">DREAM<\/div>\r\n                        <div class=\"fl-title-big bottom-title-big\" style=\"color:\">TEAM<\/div>\r\n            <\/div> <style>\r\n    \/*style one crew*\/ \r\n     .director-social .social a{\r\n        color: ;\r\n     }\r\n     .director-social .social{\r\n        background: ;\r\n     }\r\n    .director-social .social:hover{\r\n        background: ;\r\n    }\r\n    .director-social .social:hover a{\r\n        color: ;\r\n    }\r\n    \/*style tabs crew*\/ \r\n    .director-social-tab .social a{\r\n        color: ;\r\n     }\r\n    .director-social-tab .social{\r\n        background: ;\r\n     }\r\n    .director-social-tab .social:hover{\r\n        background: ;\r\n    }\r\n    .director-social-tab .social:hover a{\r\n        color: ;\r\n    }\r\n    \/*style list crew*\/\r\n    .crew-social .social a{\r\n        color: ;\r\n     }\r\n    .crew-social .social{\r\n        background: ;\r\n     }\r\n    .crew-social .social:hover{\r\n        background: ;\r\n    }\r\n    .crew-social .social:hover a{\r\n        color: ;\r\n    }\r\n <\/style>\r\n<section class=\"crew-item pd-crew\">\r\n    <div class=\"container\">\r\n        <div class=\"row\">\r\n                                                 <div class=\"col-md-4 col-sm-6 col-xs-12\">\r\n                <div class=\"crew-container wow slideInUp\" data-wow-delay=\"0.3s\">\r\n                    <img loading=\"lazy\" decoding=\"async\" width=\"363\" height=\"500\" src=\"https:\/\/bellotafilms.fr\/wp-content\/uploads\/2015\/12\/Hind-1-363x500.jpg\" class=\"attachment-filmmaker_DC size-filmmaker_DC wp-post-image\" alt=\"\" \/>                    <div class=\"fl-olay\"><\/div>\r\n                    <div class=\"crew-content\">\r\n                        <div class=\"crew-name\" style=\"color:\">\r\n                            Hind Sa\u00efh                        <\/div>\r\n                        <div class=\"crew-active\" style=\"color:\">\r\n                            PRODUCTRICE ASSOCIEE                        <\/div>\r\n                        <div class=\"crew-desc\" style=\"color:\">\r\n                            Hind est n\u00e9e et a grandi au Maroc. Elle arrive en France pour suivre des \u00e9tudes sup\u00e9rieures. Elle est dipl\u00f4m\u00e9e en Cin\u00e9ma \u00e0 l\u2019Institut Europ\u00e9en de Cin\u00e9ma et d\u2019Audiovisuel (IECA) de Nancy. Elle cr\u00e9e Bellota Films en 2009 apr\u00e8s avoir travaill\u00e9 pendant dix ans au sein de la soci\u00e9t\u00e9 Play Film\u00a0en tant que productrice et distributrice. Elle a produit une trentaine de documentaires exp\u00e9rimentant de nouvelles esth\u00e9tiques et narrations, tout en proposant un discours fort sur notre soci\u00e9t\u00e9.                        <\/div>\r\n                                            <\/div>\r\n                <\/div>\r\n            <\/div>\r\n                     <div class=\"col-md-4 col-sm-6 col-xs-12\">\r\n                <div class=\"crew-container wow slideInUp\" data-wow-delay=\"0.3s\">\r\n                    <img loading=\"lazy\" decoding=\"async\" width=\"365\" height=\"500\" src=\"https:\/\/bellotafilms.fr\/wp-content\/uploads\/2023\/10\/PHOTOPRO.NASSERv4-1-365x500.jpg\" class=\"attachment-filmmaker_DC size-filmmaker_DC wp-post-image\" alt=\"\" srcset=\"https:\/\/bellotafilms.fr\/wp-content\/uploads\/2023\/10\/PHOTOPRO.NASSERv4-1-365x500.jpg 365w, https:\/\/bellotafilms.fr\/wp-content\/uploads\/2023\/10\/PHOTOPRO.NASSERv4-1-9x12.jpg 9w\" sizes=\"(max-width: 365px) 100vw, 365px\" \/>                    <div class=\"fl-olay\"><\/div>\r\n                    <div class=\"crew-content\">\r\n                        <div class=\"crew-name\" style=\"color:\">\r\n                            Nasser Sari                        <\/div>\r\n                        <div class=\"crew-active\" style=\"color:\">\r\n                            PRODUCTEUR                        <\/div>\r\n                        <div class=\"crew-desc\" style=\"color:\">\r\n                            Apr\u00e8s des \u00e9tudes en Droit et Sciences Politiques, Nasser Sari travaille durant trois ans en tant que juriste aupr\u00e8s de demandeurs d&#039;asile. En 2018, il d\u00e9cide de se reconvertir dans l&#039;audiovisuel pour d\u00e9fendre autrement les causes qui lui tiennent \u00e0 c\u0153ur. Apr\u00e8s un stage chez France T\u00e9l\u00e9visions, il occupe pendant deux ans le poste de charg\u00e9 de d\u00e9veloppement au sein d&#039;Atlantique Productions. En 2023, il rejoint Bellota Films en tant que producteur.                        <\/div>\r\n                                            <\/div>\r\n                <\/div>\r\n            <\/div>\r\n                     <div class=\"col-md-4 col-sm-6 col-xs-12\">\r\n                <div class=\"crew-container wow slideInUp\" data-wow-delay=\"0.3s\">\r\n                    <img loading=\"lazy\" decoding=\"async\" width=\"363\" height=\"500\" src=\"https:\/\/bellotafilms.fr\/wp-content\/uploads\/2015\/12\/DomBarneaud-363x500.jpg\" class=\"attachment-filmmaker_DC size-filmmaker_DC wp-post-image\" alt=\"\" \/>                    <div class=\"fl-olay\"><\/div>\r\n                    <div class=\"crew-content\">\r\n                        <div class=\"crew-name\" style=\"color:\">\r\n                            Dominique Barneaud                        <\/div>\r\n                        <div class=\"crew-active\" style=\"color:\">\r\n                            PRODUCTEUR ASSOCIE                        <\/div>\r\n                        <div class=\"crew-desc\" style=\"color:\">\r\n                            Comme producteur, Dominique a cr\u00e9\u00e9 Kalamazoo Films en 1992. Il a ensuite int\u00e9gr\u00e9 le collectif de producteurs Agat Films \/ Ex Nihilo en 2000 o\u00f9 il a produit de nombreux films de cin\u00e9ma et de t\u00e9l\u00e9vision, jusqu&#039;en 2010. D\u00e9but 2011 il rejoint Bellota Films, cr\u00e9\u00e9e en 2009 avec Hind Saih, pour produire avec la m\u00eame passion et la m\u00eame exigence, de nouveaux programmes de t\u00e9l\u00e9vision et des films de cin\u00e9ma en France et \u00e0 travers son r\u00e9seau international de partenaires.                        <\/div>\r\n                                                    <div class=\"crew-social\">\r\n                                                                    <span class=\"social\">\r\n                                        <a href=\"https:\/\/twitter.com\/dom_at_bellota?lang=fr\" title=\"social\" >\r\n                                            <i class=\"fa fa-twitter \"><\/i><\/a>\r\n                                    <\/span>\r\n                                                             <\/div>\r\n                                            <\/div>\r\n                <\/div>\r\n            <\/div>\r\n                        \r\n                                                         <\/div>\r\n    <\/div>\r\n<\/section>\r\n \r\n\r\n\r\n <style>\r\n    \/*style one crew*\/ \r\n     .director-social .social a{\r\n        color: ;\r\n     }\r\n     .director-social .social{\r\n        background: ;\r\n     }\r\n    .director-social .social:hover{\r\n        background: ;\r\n    }\r\n    .director-social .social:hover a{\r\n        color: ;\r\n    }\r\n    \/*style tabs crew*\/ \r\n    .director-social-tab .social a{\r\n        color: ;\r\n     }\r\n    .director-social-tab .social{\r\n        background: ;\r\n     }\r\n    .director-social-tab .social:hover{\r\n        background: ;\r\n    }\r\n    .director-social-tab .social:hover a{\r\n        color: ;\r\n    }\r\n    \/*style list crew*\/\r\n    .crew-social .social a{\r\n        color: ;\r\n     }\r\n    .crew-social .social{\r\n        background: ;\r\n     }\r\n    .crew-social .social:hover{\r\n        background: ;\r\n    }\r\n    .crew-social .social:hover a{\r\n        color: ;\r\n    }\r\n <\/style>\r\n<section class=\"crew-item pd-crew\">\r\n    <div class=\"container\">\r\n        <div class=\"row\">\r\n                                                 <div class=\"col-md-4 col-sm-6 col-xs-12\">\r\n                <div class=\"crew-container wow slideInUp\" data-wow-delay=\"0.3s\">\r\n                    <img loading=\"lazy\" decoding=\"async\" width=\"365\" height=\"500\" src=\"https:\/\/bellotafilms.fr\/wp-content\/uploads\/2018\/07\/Carinebis-365x500.jpg\" class=\"attachment-filmmaker_DC size-filmmaker_DC wp-post-image\" alt=\"\" \/>                    <div class=\"fl-olay\"><\/div>\r\n                    <div class=\"crew-content\">\r\n                        <div class=\"crew-name\" style=\"color:\">\r\n                            Carine Natcheyan                        <\/div>\r\n                        <div class=\"crew-active\" style=\"color:\">\r\n                            CHEF COMPTABLE                        <\/div>\r\n                        <div class=\"crew-desc\" style=\"color:\">\r\n                            Apr\u00e8s plus de dix ans en tant que comptable au sein du collectif de producteurs Agat Films \/ Ex Nihilo, Carine rejoint Bellota Films en tant que chef comptable. Elle est \u00e9galement en charge de la comptabilit\u00e9 de la soci\u00e9t\u00e9 Red Corner.                        <\/div>\r\n                                            <\/div>\r\n                <\/div>\r\n            <\/div>\r\n                     <div class=\"col-md-4 col-sm-6 col-xs-12\">\r\n                <div class=\"crew-container wow slideInUp\" data-wow-delay=\"0.3s\">\r\n                    <img loading=\"lazy\" decoding=\"async\" width=\"365\" height=\"500\" src=\"https:\/\/bellotafilms.fr\/wp-content\/uploads\/2023\/11\/BEN_2-365x500.png\" class=\"attachment-filmmaker_DC size-filmmaker_DC wp-post-image\" alt=\"\" \/>                    <div class=\"fl-olay\"><\/div>\r\n                    <div class=\"crew-content\">\r\n                        <div class=\"crew-name\" style=\"color:\">\r\n                            Benjamin Ferbus                        <\/div>\r\n                        <div class=\"crew-active\" style=\"color:\">\r\n                            DIRECTEUR DE PRODUCTION                        <\/div>\r\n                        <div class=\"crew-desc\" style=\"color:\">\r\n                            Apr\u00e8s un Master en \u00e9conomie appliqu\u00e9e \u00e0 la Sorbonne puis en production audiovisuelle, Benjamin Ferbus se sp\u00e9cialise dans le documentaire (Doc en Stock, Image et Compagnie, CC&amp;C - Mediawan). En 2023, il rejoint Bellota Films en tant que directeur de production.                        <\/div>\r\n                                            <\/div>\r\n                <\/div>\r\n            <\/div>\r\n                     <div class=\"col-md-4 col-sm-6 col-xs-12\">\r\n                <div class=\"crew-container wow slideInUp\" data-wow-delay=\"0.3s\">\r\n                    <img loading=\"lazy\" decoding=\"async\" width=\"240\" height=\"273\" src=\"https:\/\/bellotafilms.fr\/wp-content\/uploads\/2025\/03\/Anaelle-Palmer.png\" class=\"attachment-filmmaker_DC size-filmmaker_DC wp-post-image\" alt=\"\" srcset=\"https:\/\/bellotafilms.fr\/wp-content\/uploads\/2025\/03\/Anaelle-Palmer.png 240w, https:\/\/bellotafilms.fr\/wp-content\/uploads\/2025\/03\/Anaelle-Palmer-11x12.png 11w\" sizes=\"(max-width: 240px) 100vw, 240px\" \/>                    <div class=\"fl-olay\"><\/div>\r\n                    <div class=\"crew-content\">\r\n                        <div class=\"crew-name\" style=\"color:\">\r\n                            Ana\u00eblle Palmer                        <\/div>\r\n                        <div class=\"crew-active\" style=\"color:\">\r\n                            RESPONSABLE DE LA POST-PRODUCTION                        <\/div>\r\n                        <div class=\"crew-desc\" style=\"color:\">\r\n                            Apr\u00e8s un master en films documentaires et archives, Ana\u00eblle acquiert plusieurs exp\u00e9riences au sein de diff\u00e9rentes soci\u00e9t\u00e9s de production. Elle rejoint Bellota Films en tant que stagiaire en 2023, avant de devenir responsable de la post-production.                        <\/div>\r\n                                            <\/div>\r\n                <\/div>\r\n            <\/div>\r\n                        \r\n                                                         <\/div>\r\n    <\/div>\r\n<\/section>\r\n \r\n\r\n\r\n<\/div><\/div><\/div><\/section>\n<\/div>","protected":false},"excerpt":{"rendered":"Apr\u00e8s un master en films documentaires et archives, Ana\u00eblle acquiert plusieurs exp\u00e9riences au sein de diff\u00e9rentes soci\u00e9t\u00e9s de production. Elle rejoint Bellota Films en tant que stagiaire en 2023, avant de devenir responsable de la post-production.","protected":false},"author":1,"featured_media":0,"parent":0,"menu_order":0,"comment_status":"closed","ping_status":"closed","template":"page-default.php","meta":{"footnotes":""},"_links":{"self":[{"href":"https:\/\/bellotafilms.fr\/fr_fr\/wp-json\/wp\/v2\/pages\/778"}],"collection":[{"href":"https:\/\/bellotafilms.fr\/fr_fr\/wp-json\/wp\/v2\/pages"}],"about":[{"href":"https:\/\/bellotafilms.fr\/fr_fr\/wp-json\/wp\/v2\/types\/page"}],"author":[{"embeddable":true,"href":"https:\/\/bellotafilms.fr\/fr_fr\/wp-json\/wp\/v2\/users\/1"}],"replies":[{"embeddable":true,"href":"https:\/\/bellotafilms.fr\/fr_fr\/wp-json\/wp\/v2\/comments?post=778"}],"version-history":[{"count":0,"href":"https:\/\/bellotafilms.fr\/fr_fr\/wp-json\/wp\/v2\/pages\/778\/revisions"}],"wp:attachment":[{"href":"https:\/\/bellotafilms.fr\/fr_fr\/wp-json\/wp\/v2\/media?parent=778"}],"curies":[{"name":"wp","href":"https:\/\/api.w.org\/{rel}","templated":true}]}}